{"id":105137,"date":"2022-10-17T12:47:55","date_gmt":"2022-10-17T10:47:55","guid":{"rendered":"https:\/\/babeefit.com\/?page_id=105137"},"modified":"2022-12-05T10:10:48","modified_gmt":"2022-12-05T09:10:48","slug":"partenariats","status":"publish","type":"page","link":"http:\/\/babeefit.com\/en\/partenariats\/","title":{"rendered":"Partnerships"},"content":{"rendered":"<div  class=\"sec_row container\"><div class=\"vc_row wpb_row vc_row-fluid\"><div class=\"wpb_column vc_column_container vc_col-sm-12 et-dark-column\"><div class=\"vc_column-inner\"><div class=\"wpb_wrapper\">\n\t<div  class=\"wpb_single_image wpb_content_element vc_align_center\">\n\t\t\n\t\t<figure class=\"wpb_wrapper vc_figure\">\n\t\t\t<div class=\"vc_single_image-wrapper   vc_box_border_grey\"><img loading=\"lazy\" decoding=\"async\" width=\"1024\" height=\"274\" src=\"https:\/\/babeefit.com\/wp-content\/uploads\/2022\/10\/Untitled-design-7-2-1024x274.png\" class=\"vc_single_image-img attachment-large\" alt=\"\" title=\"Untitled design-7\" srcset=\"https:\/\/babeefit.com\/wp-content\/uploads\/2022\/10\/Untitled-design-7-2-1024x274.png 1024w, https:\/\/babeefit.com\/wp-content\/uploads\/2022\/10\/Untitled-design-7-2-300x80.png 300w, https:\/\/babeefit.com\/wp-content\/uploads\/2022\/10\/Untitled-design-7-2-768x206.png 768w, https:\/\/babeefit.com\/wp-content\/uploads\/2022\/10\/Untitled-design-7-2-18x5.png 18w, https:\/\/babeefit.com\/wp-content\/uploads\/2022\/10\/Untitled-design-7-2-150x40.png 150w, https:\/\/babeefit.com\/wp-content\/uploads\/2022\/10\/Untitled-design-7-2-900x241.png 900w, https:\/\/babeefit.com\/wp-content\/uploads\/2022\/10\/Untitled-design-7-2.png 1422w\" sizes=\"auto, (max-width: 1024px) 100vw, 1024px\" \/><\/div>\n\t\t<\/figure>\n\t<\/div>\n<\/div><\/div><\/div><div class=\"wpb_column vc_column_container vc_col-sm-6 et-dark-column\"><div class=\"vc_column-inner\"><div class=\"wpb_wrapper\">\n\t<div  class=\"wpb_single_image wpb_content_element vc_align_left\">\n\t\t\n\t\t<figure class=\"wpb_wrapper vc_figure\">\n\t\t\t<div class=\"vc_single_image-wrapper   vc_box_border_grey\"><img loading=\"lazy\" decoding=\"async\" width=\"985\" height=\"1024\" src=\"https:\/\/babeefit.com\/wp-content\/uploads\/2022\/10\/2f33f6eb-3e1e-43a2-9963-81f291eadd1d-985x1024.jpg\" class=\"vc_single_image-img attachment-large\" alt=\"\" title=\"2f33f6eb-3e1e-43a2-9963-81f291eadd1d\" srcset=\"https:\/\/babeefit.com\/wp-content\/uploads\/2022\/10\/2f33f6eb-3e1e-43a2-9963-81f291eadd1d-985x1024.jpg 985w, https:\/\/babeefit.com\/wp-content\/uploads\/2022\/10\/2f33f6eb-3e1e-43a2-9963-81f291eadd1d-289x300.jpg 289w, https:\/\/babeefit.com\/wp-content\/uploads\/2022\/10\/2f33f6eb-3e1e-43a2-9963-81f291eadd1d-768x799.jpg 768w, https:\/\/babeefit.com\/wp-content\/uploads\/2022\/10\/2f33f6eb-3e1e-43a2-9963-81f291eadd1d-12x12.jpg 12w, https:\/\/babeefit.com\/wp-content\/uploads\/2022\/10\/2f33f6eb-3e1e-43a2-9963-81f291eadd1d-144x150.jpg 144w, https:\/\/babeefit.com\/wp-content\/uploads\/2022\/10\/2f33f6eb-3e1e-43a2-9963-81f291eadd1d-900x936.jpg 900w, https:\/\/babeefit.com\/wp-content\/uploads\/2022\/10\/2f33f6eb-3e1e-43a2-9963-81f291eadd1d.jpg 1154w\" sizes=\"auto, (max-width: 985px) 100vw, 985px\" \/><\/div>\n\t\t<\/figure>\n\t<\/div>\n<\/div><\/div><\/div><div class=\"wpb_column vc_column_container vc_col-sm-6 et-dark-column\"><div class=\"vc_column-inner\"><div class=\"wpb_wrapper\">\n\t<div class=\"wpb_text_column wpb_content_element\" >\n\t\t<div class=\"wpb_wrapper\">\n\t\t\t<h1 style=\"text-align: center;\"><strong>BABEE x MISS NORMANDIE<\/strong><\/h1>\n<p style=\"text-align: center;\" class=\"translation-block\">BABEE is proud of its <strong>partnership<\/strong> with the regional comity <strong>Miss Normandy<\/strong>.<\/p>\n<p style=\"text-align: center;\" class=\"translation-block\">During their preparation for the election, the <strong>12 candidates<\/strong> for the title had the pleasure to wear BABEE, in full-colour!<\/p>\n<p style=\"text-align: center;\" class=\"translation-block\">Youssra Askry, <strong>Miss Normandy 2021<\/strong> and <strong>4th runner up<\/strong> of Miss France 2022, discovered the brand as well and wore the BADDIE Set in black during her visit to the rehearsals of the 12 finalists.<\/p>\n<p style=\"text-align: center;\" class=\"translation-block\"><span style=\"font-weight: 400\">The title winner of <\/span><b>Miss Normandy 2022<\/b>, <span style=\"font-weight: 400\">, <\/span><b>Perrine Prunier<\/b><span style=\"font-weight: 400\">, elected on October 21, had the pleasure of receiving a BABEE outfit as a gift, <\/span><b>which was shown live<\/b><span style=\"font-weight: 400\"> during the election! <\/span><span style=\"font-weight: 400\">We support the Miss Normandy committee as well as the beautiful Perrine Prunier for the <\/span><b>Miss France 2023<\/b><span style=\"font-weight: 400\"> election which will take place on <\/span><i><span style=\"font-weight: 400\">Saturday December 17<\/span><\/i><span style=\"font-weight: 400\">.<\/span><\/p>\n<p style=\"text-align: center;\" class=\"translation-block\">To see more about the partnership, you can see our story highlight on our instagram account <strong><a href=\"https:\/\/www.instagram.com\/babee_fit\/\" target=\"_self\">@babee_fit<\/a>.<\/strong><\/p>\n\n\t\t<\/div>\n\t<\/div>\n<\/div><\/div><\/div><\/div><\/div><div  class=\"sec_row container\"><div class=\"vc_row wpb_row vc_row-fluid\"><div class=\"wpb_column vc_column_container vc_col-sm-12 et-dark-column\"><div class=\"vc_column-inner\"><div class=\"wpb_wrapper\"><\/div><\/div><\/div><\/div><\/div>","protected":false},"excerpt":{"rendered":"BABEE x MISS NORMANDIE BABEE est fier de son partenariat avec le comit\u00e9 r\u00e9gional Miss Normandie. Lors de leur pr\u00e9paration \u00e0 l\u2019\u00e9lection, les 12 candidates au titre ont eu le plaisir de porter les tenues BABEE, tout en couleur ! Youssra Askry, Miss Normandie 2021 et 4\u00e8me dauphine de Miss&hellip;","protected":false},"author":2,"featured_media":0,"parent":0,"menu_order":0,"comment_status":"closed","ping_status":"closed","template":"","meta":{"footnotes":""},"class_list":["post-105137","page","type-page","status-publish","hentry"],"yoast_head":"<!-- This site is optimized with the Yoast SEO plugin v27.3 - https:\/\/yoast.com\/product\/yoast-seo-wordpress\/ -->\n<title>Partenariats - BABEE BABEE<\/title>\n<meta name=\"robots\" content=\"index, follow, max-snippet:-1, max-image-preview:large, max-video-preview:-1\" \/>\n<link rel=\"canonical\" href=\"https:\/\/babeefit.com\/en\/partenariats\/\" \/>\n<meta property=\"og:locale\" content=\"en_US\" \/>\n<meta property=\"og:type\" content=\"article\" \/>\n<meta property=\"og:title\" content=\"Partenariats - BABEE BABEE\" \/>\n<meta property=\"og:url\" content=\"https:\/\/babeefit.com\/en\/partenariats\/\" \/>\n<meta property=\"og:site_name\" content=\"BABEE\" \/>\n<meta property=\"article:modified_time\" content=\"2022-12-05T09:10:48+00:00\" \/>\n<meta name=\"twitter:card\" content=\"summary_large_image\" \/>\n<meta name=\"twitter:label1\" content=\"Est. reading time\" \/>\n\t<meta name=\"twitter:data1\" content=\"1 minute\" \/>\n<script type=\"application\/ld+json\" class=\"yoast-schema-graph\">{\"@context\":\"https:\\\/\\\/schema.org\",\"@graph\":[{\"@type\":\"WebPage\",\"@id\":\"https:\\\/\\\/babeefit.com\\\/partenariats\\\/\",\"url\":\"https:\\\/\\\/babeefit.com\\\/partenariats\\\/\",\"name\":\"Partenariats - BABEE BABEE\",\"isPartOf\":{\"@id\":\"https:\\\/\\\/babeefit.com\\\/#website\"},\"datePublished\":\"2022-10-17T10:47:55+00:00\",\"dateModified\":\"2022-12-05T09:10:48+00:00\",\"breadcrumb\":{\"@id\":\"https:\\\/\\\/babeefit.com\\\/partenariats\\\/#breadcrumb\"},\"inLanguage\":\"en-US\",\"potentialAction\":[{\"@type\":\"ReadAction\",\"target\":[\"https:\\\/\\\/babeefit.com\\\/partenariats\\\/\"]}]},{\"@type\":\"BreadcrumbList\",\"@id\":\"https:\\\/\\\/babeefit.com\\\/partenariats\\\/#breadcrumb\",\"itemListElement\":[{\"@type\":\"ListItem\",\"position\":1,\"name\":\"Accueil\",\"item\":\"https:\\\/\\\/babeefit.com\\\/\"},{\"@type\":\"ListItem\",\"position\":2,\"name\":\"Partenariats\"}]},{\"@type\":\"WebSite\",\"@id\":\"https:\\\/\\\/babeefit.com\\\/#website\",\"url\":\"https:\\\/\\\/babeefit.com\\\/\",\"name\":\"BABEE\",\"description\":\"Le fitness premium \u00e9thique &amp; made in Europe | BABEE\",\"publisher\":{\"@id\":\"https:\\\/\\\/babeefit.com\\\/#organization\"},\"potentialAction\":[{\"@type\":\"SearchAction\",\"target\":{\"@type\":\"EntryPoint\",\"urlTemplate\":\"https:\\\/\\\/babeefit.com\\\/?s={search_term_string}\"},\"query-input\":{\"@type\":\"PropertyValueSpecification\",\"valueRequired\":true,\"valueName\":\"search_term_string\"}}],\"inLanguage\":\"en-US\"},{\"@type\":\"Organization\",\"@id\":\"https:\\\/\\\/babeefit.com\\\/#organization\",\"name\":\"BABEE\",\"url\":\"https:\\\/\\\/babeefit.com\\\/\",\"logo\":{\"@type\":\"ImageObject\",\"inLanguage\":\"en-US\",\"@id\":\"https:\\\/\\\/babeefit.com\\\/#\\\/schema\\\/logo\\\/image\\\/\",\"url\":\"https:\\\/\\\/babeefit.com\\\/wp-content\\\/uploads\\\/2022\\\/02\\\/TYPO-noir-Babee.png\",\"contentUrl\":\"https:\\\/\\\/babeefit.com\\\/wp-content\\\/uploads\\\/2022\\\/02\\\/TYPO-noir-Babee.png\",\"width\":1784,\"height\":366,\"caption\":\"BABEE\"},\"image\":{\"@id\":\"https:\\\/\\\/babeefit.com\\\/#\\\/schema\\\/logo\\\/image\\\/\"}}]}<\/script>\n<!-- \/ Yoast SEO plugin. -->","yoast_head_json":{"title":"Partenariats - BABEE BABEE","robots":{"index":"index","follow":"follow","max-snippet":"max-snippet:-1","max-image-preview":"max-image-preview:large","max-video-preview":"max-video-preview:-1"},"canonical":"https:\/\/babeefit.com\/en\/partenariats\/","og_locale":"en_US","og_type":"article","og_title":"Partenariats - BABEE BABEE","og_url":"https:\/\/babeefit.com\/en\/partenariats\/","og_site_name":"BABEE","article_modified_time":"2022-12-05T09:10:48+00:00","twitter_card":"summary_large_image","twitter_misc":{"Est. reading time":"1 minute"},"schema":{"@context":"https:\/\/schema.org","@graph":[{"@type":"WebPage","@id":"https:\/\/babeefit.com\/partenariats\/","url":"https:\/\/babeefit.com\/partenariats\/","name":"Partenariats - BABEE BABEE","isPartOf":{"@id":"https:\/\/babeefit.com\/#website"},"datePublished":"2022-10-17T10:47:55+00:00","dateModified":"2022-12-05T09:10:48+00:00","breadcrumb":{"@id":"https:\/\/babeefit.com\/partenariats\/#breadcrumb"},"inLanguage":"en-US","potentialAction":[{"@type":"ReadAction","target":["https:\/\/babeefit.com\/partenariats\/"]}]},{"@type":"BreadcrumbList","@id":"https:\/\/babeefit.com\/partenariats\/#breadcrumb","itemListElement":[{"@type":"ListItem","position":1,"name":"Accueil","item":"https:\/\/babeefit.com\/"},{"@type":"ListItem","position":2,"name":"Partenariats"}]},{"@type":"WebSite","@id":"https:\/\/babeefit.com\/#website","url":"https:\/\/babeefit.com\/","name":"BABEE","description":"Le fitness premium \u00e9thique &amp; made in Europe | BABEE","publisher":{"@id":"https:\/\/babeefit.com\/#organization"},"potentialAction":[{"@type":"SearchAction","target":{"@type":"EntryPoint","urlTemplate":"https:\/\/babeefit.com\/?s={search_term_string}"},"query-input":{"@type":"PropertyValueSpecification","valueRequired":true,"valueName":"search_term_string"}}],"inLanguage":"en-US"},{"@type":"Organization","@id":"https:\/\/babeefit.com\/#organization","name":"BABEE","url":"https:\/\/babeefit.com\/","logo":{"@type":"ImageObject","inLanguage":"en-US","@id":"https:\/\/babeefit.com\/#\/schema\/logo\/image\/","url":"https:\/\/babeefit.com\/wp-content\/uploads\/2022\/02\/TYPO-noir-Babee.png","contentUrl":"https:\/\/babeefit.com\/wp-content\/uploads\/2022\/02\/TYPO-noir-Babee.png","width":1784,"height":366,"caption":"BABEE"},"image":{"@id":"https:\/\/babeefit.com\/#\/schema\/logo\/image\/"}}]}},"_links":{"self":[{"href":"http:\/\/babeefit.com\/en\/wp-json\/wp\/v2\/pages\/105137","targetHints":{"allow":["GET"]}}],"collection":[{"href":"http:\/\/babeefit.com\/en\/wp-json\/wp\/v2\/pages"}],"about":[{"href":"http:\/\/babeefit.com\/en\/wp-json\/wp\/v2\/types\/page"}],"author":[{"embeddable":true,"href":"http:\/\/babeefit.com\/en\/wp-json\/wp\/v2\/users\/2"}],"replies":[{"embeddable":true,"href":"http:\/\/babeefit.com\/en\/wp-json\/wp\/v2\/comments?post=105137"}],"version-history":[{"count":33,"href":"http:\/\/babeefit.com\/en\/wp-json\/wp\/v2\/pages\/105137\/revisions"}],"predecessor-version":[{"id":105437,"href":"http:\/\/babeefit.com\/en\/wp-json\/wp\/v2\/pages\/105137\/revisions\/105437"}],"wp:attachment":[{"href":"http:\/\/babeefit.com\/en\/wp-json\/wp\/v2\/media?parent=105137"}],"curies":[{"name":"wp","href":"https:\/\/api.w.org\/{rel}","templated":true}]}}