{"id":57,"date":"2019-03-17T15:40:42","date_gmt":"2019-03-17T15:40:42","guid":{"rendered":"https:\/\/goya.everthemes.com\/demo-fashion\/?page_id=57"},"modified":"2022-11-14T17:03:01","modified_gmt":"2022-11-14T16:03:01","slug":"faq","status":"publish","type":"page","link":"http:\/\/babeefit.com\/en\/faq\/","title":{"rendered":"FAQ"},"content":{"rendered":"<div  class=\"sec_row container-fluid\"><div data-vc-parallax=\"1.5\" class=\"vc_row wpb_row vc_row-fluid no-padding vc_custom_1644342952788 vc_row-has-fill vc_row-o-content-middle vc_row-flex vc_general vc_parallax vc_parallax-content-moving\"><div class=\"wpb_column vc_column_container vc_col-sm-12 et-light-column\"><div class=\"vc_column-inner\"><div class=\"wpb_wrapper\"><div class=\"vc_row wpb_row vc_inner vc_row-fluid max_width\"><div class=\"wpb_column vc_column_container vc_col-sm-12 vc_col-lg-4 vc_col-md-6 et-dark-column\"><div class=\"vc_column-inner\"><div class=\"wpb_wrapper\">\n\t<div class=\"wpb_text_column wpb_content_element   vc_custom_1644312574260\" >\n\t\t<div class=\"wpb_wrapper\">\n\t\t\t<h1>FAQ<\/h1>\n<h4>Frequently Asked Questions.<\/h4>\n\n\t\t<\/div>\n\t<\/div>\n<\/div><\/div><\/div><\/div><\/div><\/div><\/div><\/div><\/div><div  class=\"sec_row container\"><div class=\"vc_row wpb_row vc_row-fluid vc_custom_1579116490670\"><div class=\"wpb_column vc_column_container vc_col-sm-12 vc_col-lg-offset-1 vc_col-lg-3 et-dark-column\"><div class=\"vc_column-inner\"><div class=\"wpb_wrapper\">\n\t<div class=\"wpb_text_column wpb_content_element\" >\n\t\t<div class=\"wpb_wrapper\">\n\t\t\t<h1>MY ORDER<\/h1>\n\n\t\t<\/div>\n\t<\/div>\n<div class=\"vc_empty_space\"   style=\"height: 32px\"><span class=\"vc_empty_space_inner\"><\/span><\/div><\/div><\/div><\/div><div class=\"wpb_column vc_column_container vc_col-sm-12 vc_col-lg-6 et-dark-column\"><div class=\"vc_column-inner\"><div class=\"wpb_wrapper\"><div class=\"vc_tta-container\" data-vc-action=\"collapse\"><div class=\"vc_general vc_tta vc_tta-accordion vc_tta-o-shape-group vc_tta-controls-align-left\"><div class=\"vc_tta-panels-container\"><div class=\"vc_tta-panels\"><div class=\"vc_tta-panel vc_active\" id=\"1522322738673-aea3abb5-b800fe1b-0bf9\" data-vc-content=\".vc_tta-panel-body\"><div class=\"vc_tta-panel-heading\"><h4 class=\"vc_tta-panel-title vc_tta-controls-icon-position-left\"><a href=\"#1522322738673-aea3abb5-b800fe1b-0bf9\" data-vc-accordion data-vc-container=\".vc_tta-container\"><span class=\"vc_tta-title-text\">Do I need to create an account to place an order?<\/span><i class=\"vc_tta-controls-icon vc_tta-controls-icon-plus\"><\/i><\/a><\/h4><\/div><div class=\"vc_tta-panel-body\">\n\t<div class=\"wpb_text_column wpb_content_element\" >\n\t\t<div class=\"wpb_wrapper\">\n\t\t\t<p><span style=\"font-weight: 400;\">No, you can order as a guest. But by creating an account, you will be able to access all the information of your orders. You will also be added to our newsletter to receive exclusive information from the brand. <\/span><\/p>\n\n\t\t<\/div>\n\t<\/div>\n<\/div><\/div><div class=\"vc_tta-panel\" id=\"1522322738697-88e8c59b-62ccfe1b-0bf9\" data-vc-content=\".vc_tta-panel-body\"><div class=\"vc_tta-panel-heading\"><h4 class=\"vc_tta-panel-title vc_tta-controls-icon-position-left\"><a href=\"#1522322738697-88e8c59b-62ccfe1b-0bf9\" data-vc-accordion data-vc-container=\".vc_tta-container\"><span class=\"vc_tta-title-text\">How can I track my order ?<\/span><i class=\"vc_tta-controls-icon vc_tta-controls-icon-plus\"><\/i><\/a><\/h4><\/div><div class=\"vc_tta-panel-body\">\n\t<div class=\"wpb_text_column wpb_content_element\" >\n\t\t<div class=\"wpb_wrapper\">\n\t\t\t<p class=\"translation-block\">Find your tracking at <a href=\"https:\/\/babeefit.com\/en\/track-my-order\/\" target=\"_blank\" rel=\"noopener\">Track my order<\/a>.<\/p>\n\n\t\t<\/div>\n\t<\/div>\n<\/div><\/div><div class=\"vc_tta-panel\" id=\"1522322884722-77aa01b6-d3ecfe1b-0bf9\" data-vc-content=\".vc_tta-panel-body\"><div class=\"vc_tta-panel-heading\"><h4 class=\"vc_tta-panel-title vc_tta-controls-icon-position-left\"><a href=\"#1522322884722-77aa01b6-d3ecfe1b-0bf9\" data-vc-accordion data-vc-container=\".vc_tta-container\"><span class=\"vc_tta-title-text\">What are the shipping methods?<\/span><i class=\"vc_tta-controls-icon vc_tta-controls-icon-plus\"><\/i><\/a><\/h4><\/div><div class=\"vc_tta-panel-body\">\n\t<div class=\"wpb_text_column wpb_content_element\" >\n\t\t<div class=\"wpb_wrapper\">\n\t\t\t<p><span style=\"font-weight: 400;\">We offer delivery to a relay point or to your home, via Colissimo and Chronopost for France, and via UPS and Mondial Relay for foreign countries.\u00a0<\/span><\/p>\n\n\t\t<\/div>\n\t<\/div>\n<\/div><\/div><div class=\"vc_tta-panel\" id=\"1644312706648-04f5fd3f-98c3\" data-vc-content=\".vc_tta-panel-body\"><div class=\"vc_tta-panel-heading\"><h4 class=\"vc_tta-panel-title vc_tta-controls-icon-position-left\"><a href=\"#1644312706648-04f5fd3f-98c3\" data-vc-accordion data-vc-container=\".vc_tta-container\"><span class=\"vc_tta-title-text\">Do you ship internationally ?<\/span><i class=\"vc_tta-controls-icon vc_tta-controls-icon-plus\"><\/i><\/a><\/h4><\/div><div class=\"vc_tta-panel-body\">\n\t<div class=\"wpb_text_column wpb_content_element\" >\n\t\t<div class=\"wpb_wrapper\">\n\t\t\t<p><span style=\"font-weight: 400;\">We deliver throughout France including the overseas departments (Guadeloupe, Martinique, Guyana, Reunion, Mayotte, Saint-Pierre-et-Miquelon, Saint-Martin, Saint-Barth\u00e9lemy), throughout Europe (Principality of Monaco, Switzerland, United Kingdom included), in Canada and in Israel.\u00a0<\/span><\/p>\n\n\t\t<\/div>\n\t<\/div>\n<\/div><\/div><div class=\"vc_tta-panel\" id=\"1644312808455-fc1007e1-f6bf\" data-vc-content=\".vc_tta-panel-body\"><div class=\"vc_tta-panel-heading\"><h4 class=\"vc_tta-panel-title vc_tta-controls-icon-position-left\"><a href=\"#1644312808455-fc1007e1-f6bf\" data-vc-accordion data-vc-container=\".vc_tta-container\"><span class=\"vc_tta-title-text\">I have not received my order confirmation, what should I do ?<\/span><i class=\"vc_tta-controls-icon vc_tta-controls-icon-plus\"><\/i><\/a><\/h4><\/div><div class=\"vc_tta-panel-body\">\n\t<div class=\"wpb_text_column wpb_content_element\" >\n\t\t<div class=\"wpb_wrapper\">\n\t\t\t<p class=\"translation-block\"><span style=\"font-weight: 400\">Order confirmations can be sent within 24 hours depending on the level of demand. If you still haven't received your order confirmation after 24 hours, you can contact our customer service at this address: <\/span><span style=\"font-weight: 400\">hello@babeefit.com<\/span><span style=\"font-weight: 400\">. <\/span><\/p>\n\n\t\t<\/div>\n\t<\/div>\n<\/div><\/div><\/div><\/div><\/div><\/div><\/div><\/div><\/div><\/div><\/div><div  class=\"sec_row container\"><div class=\"vc_row wpb_row vc_row-fluid vc_custom_1579116504661\"><div class=\"wpb_column vc_column_container vc_col-sm-12 vc_col-lg-offset-1 vc_col-lg-3 et-dark-column\"><div class=\"vc_column-inner\"><div class=\"wpb_wrapper\">\n\t<div class=\"wpb_text_column wpb_content_element\" >\n\t\t<div class=\"wpb_wrapper\">\n\t\t\t<h1>OUR PRODUCTS<\/h1>\n\n\t\t<\/div>\n\t<\/div>\n<div class=\"vc_empty_space\"   style=\"height: 32px\"><span class=\"vc_empty_space_inner\"><\/span><\/div><\/div><\/div><\/div><div class=\"wpb_column vc_column_container vc_col-sm-12 vc_col-lg-6 et-dark-column\"><div class=\"vc_column-inner\"><div class=\"wpb_wrapper\"><div class=\"vc_tta-container\" data-vc-action=\"collapse\"><div class=\"vc_general vc_tta vc_tta-accordion vc_tta-o-shape-group vc_tta-controls-align-left\"><div class=\"vc_tta-panels-container\"><div class=\"vc_tta-panels\"><div class=\"vc_tta-panel vc_active\" id=\"1554865954832-7b4f4f32-3205\" data-vc-content=\".vc_tta-panel-body\"><div class=\"vc_tta-panel-heading\"><h4 class=\"vc_tta-panel-title vc_tta-controls-icon-position-left\"><a href=\"#1554865954832-7b4f4f32-3205\" data-vc-accordion data-vc-container=\".vc_tta-container\"><span class=\"vc_tta-title-text\">Where are BABEE garments designed and produced ?<\/span><i class=\"vc_tta-controls-icon vc_tta-controls-icon-plus\"><\/i><\/a><\/h4><\/div><div class=\"vc_tta-panel-body\">\n\t<div class=\"wpb_text_column wpb_content_element\" >\n\t\t<div class=\"wpb_wrapper\">\n\t\t\t<p><span style=\"font-weight: 400;\">All our products have been designed in Paris and handmade in Portugal. <\/span><\/p>\n\n\t\t<\/div>\n\t<\/div>\n<\/div><\/div><div class=\"vc_tta-panel\" id=\"1554865954888-c3d499b3-2d6e\" data-vc-content=\".vc_tta-panel-body\"><div class=\"vc_tta-panel-heading\"><h4 class=\"vc_tta-panel-title vc_tta-controls-icon-position-left\"><a href=\"#1554865954888-c3d499b3-2d6e\" data-vc-accordion data-vc-container=\".vc_tta-container\"><span class=\"vc_tta-title-text\">How do your clothes fit ?<\/span><i class=\"vc_tta-controls-icon vc_tta-controls-icon-plus\"><\/i><\/a><\/h4><\/div><div class=\"vc_tta-panel-body\">\n\t<div class=\"wpb_text_column wpb_content_element\" >\n\t\t<div class=\"wpb_wrapper\">\n\t\t\t<p class=\"translation-block\"><span style=\"font-weight: 400\">You can refer to our <\/span><a href=\"https:\/\/babeefit.com\/en\/size-guide\/\" target=\"_self\"><span style=\"font-weight: 400\">Size Guide<\/span><\/a><span style=\"font-weight: 400\">.<\/span><\/p>\n\n\t\t<\/div>\n\t<\/div>\n<\/div><\/div><div class=\"vc_tta-panel\" id=\"1554865954966-a58332cc-34e7\" data-vc-content=\".vc_tta-panel-body\"><div class=\"vc_tta-panel-heading\"><h4 class=\"vc_tta-panel-title vc_tta-controls-icon-position-left\"><a href=\"#1554865954966-a58332cc-34e7\" data-vc-accordion data-vc-container=\".vc_tta-container\"><span class=\"vc_tta-title-text\">What is the composition of your fabrics?<\/span><i class=\"vc_tta-controls-icon vc_tta-controls-icon-plus\"><\/i><\/a><\/h4><\/div><div class=\"vc_tta-panel-body\">\n\t<div class=\"wpb_text_column wpb_content_element\" >\n\t\t<div class=\"wpb_wrapper\">\n\t\t\t<p><span style=\"font-weight: 400;\">We import our premium fabric from Italy. It is made of 80% polyamide and 20% elastane. <\/span><\/p>\n\n\t\t<\/div>\n\t<\/div>\n<\/div><\/div><\/div><\/div><\/div><\/div><\/div><\/div><\/div><\/div><\/div><div  class=\"sec_row container\"><div class=\"vc_row wpb_row vc_row-fluid vc_custom_1579116498597\"><div class=\"wpb_column vc_column_container vc_col-sm-12 vc_col-lg-offset-1 vc_col-lg-3 et-dark-column\"><div class=\"vc_column-inner\"><div class=\"wpb_wrapper\">\n\t<div class=\"wpb_text_column wpb_content_element\" >\n\t\t<div class=\"wpb_wrapper\">\n\t\t\t<h1>PAYMENT &amp; RETURNS<\/h1>\n\n\t\t<\/div>\n\t<\/div>\n<div class=\"vc_empty_space\"   style=\"height: 32px\"><span class=\"vc_empty_space_inner\"><\/span><\/div><\/div><\/div><\/div><div class=\"wpb_column vc_column_container vc_col-sm-12 vc_col-lg-6 et-dark-column\"><div class=\"vc_column-inner\"><div class=\"wpb_wrapper\"><div class=\"vc_tta-container\" data-vc-action=\"collapse\"><div class=\"vc_general vc_tta vc_tta-accordion vc_tta-o-shape-group vc_tta-controls-align-left\"><div class=\"vc_tta-panels-container\"><div class=\"vc_tta-panels\"><div class=\"vc_tta-panel vc_active\" id=\"1555532166627-d18a27a7-6515\" data-vc-content=\".vc_tta-panel-body\"><div class=\"vc_tta-panel-heading\"><h4 class=\"vc_tta-panel-title vc_tta-controls-icon-position-left\"><a href=\"#1555532166627-d18a27a7-6515\" data-vc-accordion data-vc-container=\".vc_tta-container\"><span class=\"vc_tta-title-text\">What are the possible means of payment?<\/span><i class=\"vc_tta-controls-icon vc_tta-controls-icon-plus\"><\/i><\/a><\/h4><\/div><div class=\"vc_tta-panel-body\">\n\t<div class=\"wpb_text_column wpb_content_element\" >\n\t\t<div class=\"wpb_wrapper\">\n\t\t\t<p><span style=\"font-weight: 400;\">You can pay via Paypal or by credit card (Visa, MasterCard, American Express) via the secure payment module of our partner STRIPE. <\/span><\/p>\n<p class=\"translation-block\"><span style=\"font-weight: 400\">Good news: We have also just added <strong>free 3 installments payment<\/strong> with our partner Klarna. <\/span><\/p>\n\n\t\t<\/div>\n\t<\/div>\n<\/div><\/div><div class=\"vc_tta-panel\" id=\"1555532166698-b9e07fe9-85b4\" data-vc-content=\".vc_tta-panel-body\"><div class=\"vc_tta-panel-heading\"><h4 class=\"vc_tta-panel-title vc_tta-controls-icon-position-left\"><a href=\"#1555532166698-b9e07fe9-85b4\" data-vc-accordion data-vc-container=\".vc_tta-container\"><span class=\"vc_tta-title-text\">Can I cancel or modify my order?<\/span><i class=\"vc_tta-controls-icon vc_tta-controls-icon-plus\"><\/i><\/a><\/h4><\/div><div class=\"vc_tta-panel-body\">\n\t<div class=\"wpb_text_column wpb_content_element\" >\n\t\t<div class=\"wpb_wrapper\">\n\t\t\t<p><span style=\"font-weight: 400;\">Once you have confirmed your order, it is no longer possible to modify or cancel it.<\/span><\/p>\n\n\t\t<\/div>\n\t<\/div>\n<\/div><\/div><div class=\"vc_tta-panel\" id=\"1555532166782-e41f6de6-d637\" data-vc-content=\".vc_tta-panel-body\"><div class=\"vc_tta-panel-heading\"><h4 class=\"vc_tta-panel-title vc_tta-controls-icon-position-left\"><a href=\"#1555532166782-e41f6de6-d637\" data-vc-accordion data-vc-container=\".vc_tta-container\"><span class=\"vc_tta-title-text\">Can we return an order?<\/span><i class=\"vc_tta-controls-icon vc_tta-controls-icon-plus\"><\/i><\/a><\/h4><\/div><div class=\"vc_tta-panel-body\">\n\t<div class=\"wpb_text_column wpb_content_element\" >\n\t\t<div class=\"wpb_wrapper\">\n\t\t\t<p><span style=\"font-weight: 400;\">You have 14 days from the date of order to return an item that does not suit you. Upon receipt of your package, we will issue the refund within 5 working days.<\/span><\/p>\n<p class=\"translation-block\"><span style=\"font-weight: 400\">Item must be returned in perfect condition, in original packaging, with tags attached. <\/span><span style=\"font-weight: 400\">Any clothing that is dirty or worn, without a tag or already washed will not be accepted !<\/span><\/p>\n<p><span style=\"font-weight: 400;\">Our returns are free in Metropolitan France.<\/span><\/p>\n<p class=\"translation-block\">More info at <a href=\"https:\/\/babeefit.com\/en\/returns\/\" target=\"_blank\" rel=\"noopener\">Returns<\/a> and <a href=\"https:\/\/babeefit.com \/cgv\/\" target=\"_blank\" rel=\"noopener\">CGV<\/a>.<\/p>\n\n\t\t<\/div>\n\t<\/div>\n<\/div><\/div><div class=\"vc_tta-panel\" id=\"1644316296762-40fc332d-ec4f\" data-vc-content=\".vc_tta-panel-body\"><div class=\"vc_tta-panel-heading\"><h4 class=\"vc_tta-panel-title vc_tta-controls-icon-position-left\"><a href=\"#1644316296762-40fc332d-ec4f\" data-vc-accordion data-vc-container=\".vc_tta-container\"><span class=\"vc_tta-title-text\">I received a defective and\/or damaged product, what should I do?<\/span><i class=\"vc_tta-controls-icon vc_tta-controls-icon-plus\"><\/i><\/a><\/h4><\/div><div class=\"vc_tta-panel-body\">\n\t<div class=\"wpb_text_column wpb_content_element\" >\n\t\t<div class=\"wpb_wrapper\">\n\t\t\t<p>Products that are damaged or have a defect will be replaced within 14 working days of receipt of the package. You will need to include photos of the products and send them to hello@babeefit.com.<\/p>\n\n\t\t<\/div>\n\t<\/div>\n<\/div><\/div><div class=\"vc_tta-panel\" id=\"1644313726595-ab8daa38-0737\" data-vc-content=\".vc_tta-panel-body\"><div class=\"vc_tta-panel-heading\"><h4 class=\"vc_tta-panel-title vc_tta-controls-icon-position-left\"><a href=\"#1644313726595-ab8daa38-0737\" data-vc-accordion data-vc-container=\".vc_tta-container\"><span class=\"vc_tta-title-text\">Are exchanges possible?<\/span><i class=\"vc_tta-controls-icon vc_tta-controls-icon-plus\"><\/i><\/a><\/h4><\/div><div class=\"vc_tta-panel-body\">\n\t<div class=\"wpb_text_column wpb_content_element\" >\n\t\t<div class=\"wpb_wrapper\">\n\t\t\t<p><span style=\"font-weight: 400;\">We do not make any exchanges, except in the case of defective or damaged articles.<\/span><\/p>\n<p><span style=\"font-weight: 400;\">However, we can refund your order in the form of a credit, so that you can place a new order. <\/span><\/p>\n\n\t\t<\/div>\n\t<\/div>\n<\/div><\/div><\/div><\/div><\/div><\/div><\/div><\/div><\/div><\/div><\/div><div  class=\"sec_row container-fluid\"><div class=\"vc_row wpb_row vc_row-fluid no-padding vc_custom_1588132282993 vc_row-has-fill\"><div class=\"wpb_column vc_column_container vc_col-sm-12 et-dark-column\"><div class=\"vc_column-inner\"><div class=\"wpb_wrapper\"><div class=\"vc_row wpb_row vc_inner vc_row-fluid max_width vc_row-o-content-middle vc_row-flex\"><div class=\"wpb_column vc_column_container vc_col-sm-12 vc_col-lg-offset-1 vc_col-lg-6 et-dark-column\"><div class=\"vc_column-inner\"><div class=\"wpb_wrapper\">\n\t<div class=\"wpb_text_column wpb_content_element   postline-large accent-color fancy-title\" >\n\t\t<div class=\"wpb_wrapper\">\n\t\t\t<h6>Contact<\/h6>\n\n\t\t<\/div>\n\t<\/div>\n\n\t<div class=\"wpb_text_column wpb_content_element\" >\n\t\t<div class=\"wpb_wrapper\">\n\t\t\t<h2>Other questions ?<\/h2>\n\n\t\t<\/div>\n\t<\/div>\n<\/div><\/div><\/div><div class=\"wpb_column vc_column_container vc_col-sm-12 vc_col-lg-3 et-dark-column\"><div class=\"vc_column-inner\"><div class=\"wpb_wrapper\">\t\t<div id=\"et-button-69e1689980351\" class=\"et_btn_align_center animation bottom-to-top\">\n\t\t\t<a href=\"https:\/\/babeefit.com\/en\/contact\/\" class=\"et_btn button et_btn_md solid color-accent  arrow-enabled\" target=\"_blank\" role=\"button\" title=\"Write to us!\" ><span>Write to us!<\/span><svg xmlns=\"http:\/\/www.w3.org\/2000\/svg\" xmlns:xlink=\"http:\/\/www.w3.org\/1999\/xlink\" x=\"0px\" y=\"0px\"\r\n\t width=\"30px\" height=\"18px\" viewbox=\"0 0 30 18\" enable-background=\"new 0 0 30 18\" xml:space=\"preserve\">\r\n<path class=\"handle\" d=\"M20.305,16.212c-0.407,0.409-0.407,1.071,0,1.479s1.068,0.408,1.476,0l7.914-7.952c0.408-0.409,0.408-1.071,0-1.481\tl-7.914-7.952c-0.407-0.409-1.068-0.409-1.476,0s-0.407,1.071,0,1.48l7.185,7.221L20.305,16.212z\"\/>\r\n<path class=\"bar\" fill-rule=\"evenodd\" clip-rule=\"evenodd\" d=\"M1,8h28.001c0.551,0,1,0.448,1,1c0,0.553-0.449,1-1,1H1c-0.553,0-1-0.447-1-1\tC0,8.448,0.447,8,1,8z\"\/>\r\n<\/svg>\r\n<\/a>\n\t\t<\/div>\n\t\t\n\t<\/div><\/div><\/div><\/div><\/div><\/div><\/div><\/div><\/div>","protected":false},"excerpt":{"rendered":"FAQ Questions les plus fr\u00e9quentes. MA COMMANDE Dois-je cr\u00e9er un compte pour passer commande ? Non, tu peux passer commande en tant qu\u2019invit\u00e9. Mais en cr\u00e9ant un compte, tu pourras acc\u00e9der \u00e0 toutes les informations de tes commandes. Tu seras \u00e9galement ajout\u00e9e \u00e0 notre newsletter pour recevoir les informations exclusives&hellip;","protected":false},"author":1,"featured_media":0,"parent":0,"menu_order":0,"comment_status":"closed","ping_status":"closed","template":"","meta":{"footnotes":""},"class_list":["post-57","page","type-page","status-publish","hentry"],"yoast_head":"<!-- This site is optimized with the Yoast SEO plugin v27.4 - https:\/\/yoast.com\/product\/yoast-seo-wordpress\/ -->\n<title>FAQ - BABEE BABEE<\/title>\n<meta name=\"robots\" content=\"index, follow, max-snippet:-1, max-image-preview:large, max-video-preview:-1\" \/>\n<link rel=\"canonical\" href=\"https:\/\/babeefit.com\/en\/faq\/\" \/>\n<meta property=\"og:locale\" content=\"en_US\" \/>\n<meta property=\"og:type\" content=\"article\" \/>\n<meta property=\"og:title\" content=\"FAQ - BABEE BABEE\" \/>\n<meta property=\"og:url\" content=\"https:\/\/babeefit.com\/en\/faq\/\" \/>\n<meta property=\"og:site_name\" content=\"BABEE\" \/>\n<meta property=\"article:modified_time\" content=\"2022-11-14T16:03:01+00:00\" \/>\n<meta name=\"twitter:card\" content=\"summary_large_image\" \/>\n<meta name=\"twitter:label1\" content=\"Est. reading time\" \/>\n\t<meta name=\"twitter:data1\" content=\"3 minutes\" \/>\n<script type=\"application\/ld+json\" class=\"yoast-schema-graph\">{\"@context\":\"https:\\\/\\\/schema.org\",\"@graph\":[{\"@type\":\"WebPage\",\"@id\":\"https:\\\/\\\/babeefit.com\\\/faq\\\/\",\"url\":\"https:\\\/\\\/babeefit.com\\\/faq\\\/\",\"name\":\"FAQ - BABEE BABEE\",\"isPartOf\":{\"@id\":\"https:\\\/\\\/babeefit.com\\\/#website\"},\"datePublished\":\"2019-03-17T15:40:42+00:00\",\"dateModified\":\"2022-11-14T16:03:01+00:00\",\"breadcrumb\":{\"@id\":\"https:\\\/\\\/babeefit.com\\\/faq\\\/#breadcrumb\"},\"inLanguage\":\"en-US\",\"potentialAction\":[{\"@type\":\"ReadAction\",\"target\":[\"https:\\\/\\\/babeefit.com\\\/faq\\\/\"]}]},{\"@type\":\"BreadcrumbList\",\"@id\":\"https:\\\/\\\/babeefit.com\\\/faq\\\/#breadcrumb\",\"itemListElement\":[{\"@type\":\"ListItem\",\"position\":1,\"name\":\"Accueil\",\"item\":\"https:\\\/\\\/babeefit.com\\\/\"},{\"@type\":\"ListItem\",\"position\":2,\"name\":\"FAQ\"}]},{\"@type\":\"WebSite\",\"@id\":\"https:\\\/\\\/babeefit.com\\\/#website\",\"url\":\"https:\\\/\\\/babeefit.com\\\/\",\"name\":\"BABEE\",\"description\":\"Le fitness premium \u00e9thique &amp; made in Europe | BABEE\",\"publisher\":{\"@id\":\"https:\\\/\\\/babeefit.com\\\/#organization\"},\"potentialAction\":[{\"@type\":\"SearchAction\",\"target\":{\"@type\":\"EntryPoint\",\"urlTemplate\":\"https:\\\/\\\/babeefit.com\\\/?s={search_term_string}\"},\"query-input\":{\"@type\":\"PropertyValueSpecification\",\"valueRequired\":true,\"valueName\":\"search_term_string\"}}],\"inLanguage\":\"en-US\"},{\"@type\":\"Organization\",\"@id\":\"https:\\\/\\\/babeefit.com\\\/#organization\",\"name\":\"BABEE\",\"url\":\"https:\\\/\\\/babeefit.com\\\/\",\"logo\":{\"@type\":\"ImageObject\",\"inLanguage\":\"en-US\",\"@id\":\"https:\\\/\\\/babeefit.com\\\/#\\\/schema\\\/logo\\\/image\\\/\",\"url\":\"https:\\\/\\\/babeefit.com\\\/wp-content\\\/uploads\\\/2022\\\/02\\\/TYPO-noir-Babee.png\",\"contentUrl\":\"https:\\\/\\\/babeefit.com\\\/wp-content\\\/uploads\\\/2022\\\/02\\\/TYPO-noir-Babee.png\",\"width\":1784,\"height\":366,\"caption\":\"BABEE\"},\"image\":{\"@id\":\"https:\\\/\\\/babeefit.com\\\/#\\\/schema\\\/logo\\\/image\\\/\"}}]}<\/script>\n<!-- \/ Yoast SEO plugin. -->","yoast_head_json":{"title":"FAQ - BABEE BABEE","robots":{"index":"index","follow":"follow","max-snippet":"max-snippet:-1","max-image-preview":"max-image-preview:large","max-video-preview":"max-video-preview:-1"},"canonical":"https:\/\/babeefit.com\/en\/faq\/","og_locale":"en_US","og_type":"article","og_title":"FAQ - BABEE BABEE","og_url":"https:\/\/babeefit.com\/en\/faq\/","og_site_name":"BABEE","article_modified_time":"2022-11-14T16:03:01+00:00","twitter_card":"summary_large_image","twitter_misc":{"Est. reading time":"3 minutes"},"schema":{"@context":"https:\/\/schema.org","@graph":[{"@type":"WebPage","@id":"https:\/\/babeefit.com\/faq\/","url":"https:\/\/babeefit.com\/faq\/","name":"FAQ - BABEE BABEE","isPartOf":{"@id":"https:\/\/babeefit.com\/#website"},"datePublished":"2019-03-17T15:40:42+00:00","dateModified":"2022-11-14T16:03:01+00:00","breadcrumb":{"@id":"https:\/\/babeefit.com\/faq\/#breadcrumb"},"inLanguage":"en-US","potentialAction":[{"@type":"ReadAction","target":["https:\/\/babeefit.com\/faq\/"]}]},{"@type":"BreadcrumbList","@id":"https:\/\/babeefit.com\/faq\/#breadcrumb","itemListElement":[{"@type":"ListItem","position":1,"name":"Accueil","item":"https:\/\/babeefit.com\/"},{"@type":"ListItem","position":2,"name":"FAQ"}]},{"@type":"WebSite","@id":"https:\/\/babeefit.com\/#website","url":"https:\/\/babeefit.com\/","name":"BABEE","description":"Le fitness premium \u00e9thique &amp; made in Europe | BABEE","publisher":{"@id":"https:\/\/babeefit.com\/#organization"},"potentialAction":[{"@type":"SearchAction","target":{"@type":"EntryPoint","urlTemplate":"https:\/\/babeefit.com\/?s={search_term_string}"},"query-input":{"@type":"PropertyValueSpecification","valueRequired":true,"valueName":"search_term_string"}}],"inLanguage":"en-US"},{"@type":"Organization","@id":"https:\/\/babeefit.com\/#organization","name":"BABEE","url":"https:\/\/babeefit.com\/","logo":{"@type":"ImageObject","inLanguage":"en-US","@id":"https:\/\/babeefit.com\/#\/schema\/logo\/image\/","url":"https:\/\/babeefit.com\/wp-content\/uploads\/2022\/02\/TYPO-noir-Babee.png","contentUrl":"https:\/\/babeefit.com\/wp-content\/uploads\/2022\/02\/TYPO-noir-Babee.png","width":1784,"height":366,"caption":"BABEE"},"image":{"@id":"https:\/\/babeefit.com\/#\/schema\/logo\/image\/"}}]}},"_links":{"self":[{"href":"http:\/\/babeefit.com\/en\/wp-json\/wp\/v2\/pages\/57","targetHints":{"allow":["GET"]}}],"collection":[{"href":"http:\/\/babeefit.com\/en\/wp-json\/wp\/v2\/pages"}],"about":[{"href":"http:\/\/babeefit.com\/en\/wp-json\/wp\/v2\/types\/page"}],"author":[{"embeddable":true,"href":"http:\/\/babeefit.com\/en\/wp-json\/wp\/v2\/users\/1"}],"replies":[{"embeddable":true,"href":"http:\/\/babeefit.com\/en\/wp-json\/wp\/v2\/comments?post=57"}],"version-history":[{"count":25,"href":"http:\/\/babeefit.com\/en\/wp-json\/wp\/v2\/pages\/57\/revisions"}],"predecessor-version":[{"id":105236,"href":"http:\/\/babeefit.com\/en\/wp-json\/wp\/v2\/pages\/57\/revisions\/105236"}],"wp:attachment":[{"href":"http:\/\/babeefit.com\/en\/wp-json\/wp\/v2\/media?parent=57"}],"curies":[{"name":"wp","href":"https:\/\/api.w.org\/{rel}","templated":true}]}}