{"id":103363,"date":"2022-02-08T14:00:44","date_gmt":"2022-02-08T13:00:44","guid":{"rendered":"https:\/\/babeefit.com\/?post_type=product&#038;p=103363"},"modified":"2025-08-08T01:37:24","modified_gmt":"2025-08-07T23:37:24","slug":"player-legging","status":"publish","type":"product","link":"http:\/\/babeefit.com\/en\/product\/player-legging\/","title":{"rendered":"Legging PLAYER (\u00e0 poches)"},"content":{"rendered":"<p>You never know where to put your phone during your workout ? The PLAYER leggings will be your BFF ! It has been specially designed with two pockets on the sides to store your phone safely. No matter the moves, it will stay in place !<\/p>\n<p>You're going to feel your best in these leggings thanks to their shapely high-waisted cut and their pockets that will enhance your curves. The high waist belt contains an elastic that accentuates your waist (yep, we have thought of everything). The triangle seam on the back of the leggings with the BABEE logo will highlight your booty !<\/p>\n<p>Our premium Italian fabric with an iridescent finish, lightweight and breathable, feels like a second skin (and it's super comfy too!). Ultra flexible and shapely, you can do all your movements, regardless of your activity, with assured support (and a head-turning booty)!<\/p>","protected":false},"excerpt":{"rendered":"<p>PLAYER is the perfect leggings to store your phone during your workout with its ultra-shaping cut and its pockets that highlight your goddess body !<\/p>","protected":false},"featured_media":103612,"comment_status":"open","ping_status":"closed","template":"","meta":[],"product_brand":[],"product_cat":[162,141],"product_tag":[],"class_list":{"0":"post-103363","1":"product","2":"type-product","3":"status-publish","4":"has-post-thumbnail","6":"product_cat-bas","7":"product_cat-leggings","9":"first","10":"instock","11":"taxable","12":"shipping-taxable","13":"purchasable","14":"product-type-variable","15":"has-default-attributes"},"bundled_by":["104552"],"bundle_stock_status":"instock","bundle_stock_quantity":null,"bundle_virtual":false,"bundle_layout":"","bundle_add_to_cart_form_location":"","bundle_editable_in_cart":false,"bundle_sold_individually_context":"","bundle_item_grouping":"","bundle_min_size":"","bundle_max_size":"","bundled_items":[],"bundle_sell_ids":[],"yoast_head":"<!-- This site is optimized with the Yoast SEO plugin v27.3 - https:\/\/yoast.com\/product\/yoast-seo-wordpress\/ -->\n<title>Legging PLAYER (\u00e0 poches) - BABEE BABEE<\/title>\n<meta name=\"robots\" content=\"index, follow, max-snippet:-1, max-image-preview:large, max-video-preview:-1\" \/>\n<link rel=\"canonical\" href=\"https:\/\/babeefit.com\/en\/product\/player-legging\/\" \/>\n<meta property=\"og:locale\" content=\"en_US\" \/>\n<meta property=\"og:type\" content=\"article\" \/>\n<meta property=\"og:title\" content=\"Legging PLAYER (\u00e0 poches) - BABEE BABEE\" \/>\n<meta property=\"og:description\" content=\"PLAYER est le legging parfait pour ranger ton t\u00e9l\u00e9phone pendant ta s\u00e9ance de sport avec sa coupe ultra galbante et ses poches qui soulignent ton corps de d\u00e9esse !\" \/>\n<meta property=\"og:url\" content=\"https:\/\/babeefit.com\/en\/product\/player-legging\/\" \/>\n<meta property=\"og:site_name\" content=\"BABEE\" \/>\n<meta property=\"article:modified_time\" content=\"2025-08-07T23:37:24+00:00\" \/>\n<meta property=\"og:image\" content=\"https:\/\/babeefit.com\/wp-content\/uploads\/2022\/02\/BABEE_0625-1-scaled.jpg\" \/>\n\t<meta property=\"og:image:width\" content=\"1707\" \/>\n\t<meta property=\"og:image:height\" content=\"2560\" \/>\n\t<meta property=\"og:image:type\" content=\"image\/jpeg\" \/>\n<meta name=\"twitter:card\" content=\"summary_large_image\" \/>\n<meta name=\"twitter:label1\" content=\"Est. reading time\" \/>\n\t<meta name=\"twitter:data1\" content=\"1 minute\" \/>\n<script type=\"application\/ld+json\" class=\"yoast-schema-graph\">{\"@context\":\"https:\\\/\\\/schema.org\",\"@graph\":[{\"@type\":\"WebPage\",\"@id\":\"https:\\\/\\\/babeefit.com\\\/product\\\/player-legging\\\/\",\"url\":\"https:\\\/\\\/babeefit.com\\\/product\\\/player-legging\\\/\",\"name\":\"Legging PLAYER (\u00e0 poches) - BABEE BABEE\",\"isPartOf\":{\"@id\":\"https:\\\/\\\/babeefit.com\\\/#website\"},\"primaryImageOfPage\":{\"@id\":\"https:\\\/\\\/babeefit.com\\\/product\\\/player-legging\\\/#primaryimage\"},\"image\":{\"@id\":\"https:\\\/\\\/babeefit.com\\\/product\\\/player-legging\\\/#primaryimage\"},\"thumbnailUrl\":\"https:\\\/\\\/babeefit.com\\\/wp-content\\\/uploads\\\/2022\\\/02\\\/BABEE_0625-1-scaled.jpg\",\"datePublished\":\"2022-02-08T13:00:44+00:00\",\"dateModified\":\"2025-08-07T23:37:24+00:00\",\"breadcrumb\":{\"@id\":\"https:\\\/\\\/babeefit.com\\\/product\\\/player-legging\\\/#breadcrumb\"},\"inLanguage\":\"en-US\",\"potentialAction\":[{\"@type\":\"ReadAction\",\"target\":[\"https:\\\/\\\/babeefit.com\\\/product\\\/player-legging\\\/\"]}]},{\"@type\":\"ImageObject\",\"inLanguage\":\"en-US\",\"@id\":\"https:\\\/\\\/babeefit.com\\\/product\\\/player-legging\\\/#primaryimage\",\"url\":\"https:\\\/\\\/babeefit.com\\\/wp-content\\\/uploads\\\/2022\\\/02\\\/BABEE_0625-1-scaled.jpg\",\"contentUrl\":\"https:\\\/\\\/babeefit.com\\\/wp-content\\\/uploads\\\/2022\\\/02\\\/BABEE_0625-1-scaled.jpg\",\"width\":1707,\"height\":2560},{\"@type\":\"BreadcrumbList\",\"@id\":\"https:\\\/\\\/babeefit.com\\\/product\\\/player-legging\\\/#breadcrumb\",\"itemListElement\":[{\"@type\":\"ListItem\",\"position\":1,\"name\":\"Accueil\",\"item\":\"https:\\\/\\\/babeefit.com\\\/\"},{\"@type\":\"ListItem\",\"position\":2,\"name\":\"SHOP\",\"item\":\"https:\\\/\\\/babeefit.com\\\/shop\\\/\"},{\"@type\":\"ListItem\",\"position\":3,\"name\":\"Legging PLAYER (\u00e0 poches)\"}]},{\"@type\":\"WebSite\",\"@id\":\"https:\\\/\\\/babeefit.com\\\/#website\",\"url\":\"https:\\\/\\\/babeefit.com\\\/\",\"name\":\"BABEE\",\"description\":\"Le fitness premium \u00e9thique &amp; made in Europe | BABEE\",\"publisher\":{\"@id\":\"https:\\\/\\\/babeefit.com\\\/#organization\"},\"potentialAction\":[{\"@type\":\"SearchAction\",\"target\":{\"@type\":\"EntryPoint\",\"urlTemplate\":\"https:\\\/\\\/babeefit.com\\\/?s={search_term_string}\"},\"query-input\":{\"@type\":\"PropertyValueSpecification\",\"valueRequired\":true,\"valueName\":\"search_term_string\"}}],\"inLanguage\":\"en-US\"},{\"@type\":\"Organization\",\"@id\":\"https:\\\/\\\/babeefit.com\\\/#organization\",\"name\":\"BABEE\",\"url\":\"https:\\\/\\\/babeefit.com\\\/\",\"logo\":{\"@type\":\"ImageObject\",\"inLanguage\":\"en-US\",\"@id\":\"https:\\\/\\\/babeefit.com\\\/#\\\/schema\\\/logo\\\/image\\\/\",\"url\":\"https:\\\/\\\/babeefit.com\\\/wp-content\\\/uploads\\\/2022\\\/02\\\/TYPO-noir-Babee.png\",\"contentUrl\":\"https:\\\/\\\/babeefit.com\\\/wp-content\\\/uploads\\\/2022\\\/02\\\/TYPO-noir-Babee.png\",\"width\":1784,\"height\":366,\"caption\":\"BABEE\"},\"image\":{\"@id\":\"https:\\\/\\\/babeefit.com\\\/#\\\/schema\\\/logo\\\/image\\\/\"}}]}<\/script>\n<!-- \/ Yoast SEO plugin. -->","yoast_head_json":{"title":"Legging PLAYER (\u00e0 poches) - BABEE BABEE","robots":{"index":"index","follow":"follow","max-snippet":"max-snippet:-1","max-image-preview":"max-image-preview:large","max-video-preview":"max-video-preview:-1"},"canonical":"https:\/\/babeefit.com\/en\/product\/player-legging\/","og_locale":"en_US","og_type":"article","og_title":"Legging PLAYER (\u00e0 poches) - BABEE BABEE","og_description":"PLAYER est le legging parfait pour ranger ton t\u00e9l\u00e9phone pendant ta s\u00e9ance de sport avec sa coupe ultra galbante et ses poches qui soulignent ton corps de d\u00e9esse !","og_url":"https:\/\/babeefit.com\/en\/product\/player-legging\/","og_site_name":"BABEE","article_modified_time":"2025-08-07T23:37:24+00:00","og_image":[{"width":1707,"height":2560,"url":"https:\/\/babeefit.com\/wp-content\/uploads\/2022\/02\/BABEE_0625-1-scaled.jpg","type":"image\/jpeg"}],"twitter_card":"summary_large_image","twitter_misc":{"Est. reading time":"1 minute"},"schema":{"@context":"https:\/\/schema.org","@graph":[{"@type":"WebPage","@id":"https:\/\/babeefit.com\/product\/player-legging\/","url":"https:\/\/babeefit.com\/product\/player-legging\/","name":"Legging PLAYER (\u00e0 poches) - BABEE BABEE","isPartOf":{"@id":"https:\/\/babeefit.com\/#website"},"primaryImageOfPage":{"@id":"https:\/\/babeefit.com\/product\/player-legging\/#primaryimage"},"image":{"@id":"https:\/\/babeefit.com\/product\/player-legging\/#primaryimage"},"thumbnailUrl":"https:\/\/babeefit.com\/wp-content\/uploads\/2022\/02\/BABEE_0625-1-scaled.jpg","datePublished":"2022-02-08T13:00:44+00:00","dateModified":"2025-08-07T23:37:24+00:00","breadcrumb":{"@id":"https:\/\/babeefit.com\/product\/player-legging\/#breadcrumb"},"inLanguage":"en-US","potentialAction":[{"@type":"ReadAction","target":["https:\/\/babeefit.com\/product\/player-legging\/"]}]},{"@type":"ImageObject","inLanguage":"en-US","@id":"https:\/\/babeefit.com\/product\/player-legging\/#primaryimage","url":"https:\/\/babeefit.com\/wp-content\/uploads\/2022\/02\/BABEE_0625-1-scaled.jpg","contentUrl":"https:\/\/babeefit.com\/wp-content\/uploads\/2022\/02\/BABEE_0625-1-scaled.jpg","width":1707,"height":2560},{"@type":"BreadcrumbList","@id":"https:\/\/babeefit.com\/product\/player-legging\/#breadcrumb","itemListElement":[{"@type":"ListItem","position":1,"name":"Accueil","item":"https:\/\/babeefit.com\/"},{"@type":"ListItem","position":2,"name":"SHOP","item":"https:\/\/babeefit.com\/shop\/"},{"@type":"ListItem","position":3,"name":"Legging PLAYER (\u00e0 poches)"}]},{"@type":"WebSite","@id":"https:\/\/babeefit.com\/#website","url":"https:\/\/babeefit.com\/","name":"BABEE","description":"Le fitness premium \u00e9thique &amp; made in Europe | BABEE","publisher":{"@id":"https:\/\/babeefit.com\/#organization"},"potentialAction":[{"@type":"SearchAction","target":{"@type":"EntryPoint","urlTemplate":"https:\/\/babeefit.com\/?s={search_term_string}"},"query-input":{"@type":"PropertyValueSpecification","valueRequired":true,"valueName":"search_term_string"}}],"inLanguage":"en-US"},{"@type":"Organization","@id":"https:\/\/babeefit.com\/#organization","name":"BABEE","url":"https:\/\/babeefit.com\/","logo":{"@type":"ImageObject","inLanguage":"en-US","@id":"https:\/\/babeefit.com\/#\/schema\/logo\/image\/","url":"https:\/\/babeefit.com\/wp-content\/uploads\/2022\/02\/TYPO-noir-Babee.png","contentUrl":"https:\/\/babeefit.com\/wp-content\/uploads\/2022\/02\/TYPO-noir-Babee.png","width":1784,"height":366,"caption":"BABEE"},"image":{"@id":"https:\/\/babeefit.com\/#\/schema\/logo\/image\/"}}]}},"_links":{"self":[{"href":"http:\/\/babeefit.com\/en\/wp-json\/wp\/v2\/product\/103363","targetHints":{"allow":["GET"]}}],"collection":[{"href":"http:\/\/babeefit.com\/en\/wp-json\/wp\/v2\/product"}],"about":[{"href":"http:\/\/babeefit.com\/en\/wp-json\/wp\/v2\/types\/product"}],"replies":[{"embeddable":true,"href":"http:\/\/babeefit.com\/en\/wp-json\/wp\/v2\/comments?post=103363"}],"wp:featuredmedia":[{"embeddable":true,"href":"http:\/\/babeefit.com\/en\/wp-json\/wp\/v2\/media\/103612"}],"wp:attachment":[{"href":"http:\/\/babeefit.com\/en\/wp-json\/wp\/v2\/media?parent=103363"}],"wp:term":[{"taxonomy":"product_brand","embeddable":true,"href":"http:\/\/babeefit.com\/en\/wp-json\/wp\/v2\/product_brand?post=103363"},{"taxonomy":"product_cat","embeddable":true,"href":"http:\/\/babeefit.com\/en\/wp-json\/wp\/v2\/product_cat?post=103363"},{"taxonomy":"product_tag","embeddable":true,"href":"http:\/\/babeefit.com\/en\/wp-json\/wp\/v2\/product_tag?post=103363"}],"curies":[{"name":"wp","href":"https:\/\/api.w.org\/{rel}","templated":true}]}}