{"id":104917,"date":"2022-08-31T03:09:08","date_gmt":"2022-08-31T01:09:08","guid":{"rendered":"https:\/\/babeefit.com\/?post_type=product&#038;p=104917"},"modified":"2025-02-18T16:53:08","modified_gmt":"2025-02-18T15:53:08","slug":"bonita","status":"publish","type":"product","link":"http:\/\/babeefit.com\/en\/product\/bonita\/","title":{"rendered":"Short BONITA"},"content":{"rendered":"<p>Tu pr\u00e9f\u00e8res porter du court ? Le short BONITA sera ton BFF ! Sa coupe taille haute ultra galbante et sans coutures s\u2019adapte \u00e0 toutes les morphologies !<\/p>\n<p>Son logo \u00e0 la hanche met l\u2019accent sur tes courbes, et sa ceinture taille haute \u00e0 \u00e9lastique int\u00e9gr\u00e9 accentue ta taille. Sa longueur de 15 centim\u00e8tres est id\u00e9ale pour faire son sport.<\/p>\n<p>You can wear your shorts in everyday life for a casual look on fleek!<\/p>\n<p>Our premium Italian fabric with an iridescent finish, lightweight and breathable, feels like a second skin (and it's super comfy too!). Ultra flexible and shapely, you can do all your movements, regardless of your activity, with assured support (and a head-turning booty)!<\/p>","protected":false},"excerpt":{"rendered":"<p>BONITA is a MUST-HAVE ! Shorts with a high waistband and a shapely cut, suitable for all body types!<\/p>","protected":false},"featured_media":105013,"comment_status":"open","ping_status":"closed","template":"","meta":[],"product_brand":[],"product_cat":[162,167,163],"product_tag":[],"class_list":{"0":"post-104917","1":"product","2":"type-product","3":"status-publish","4":"has-post-thumbnail","6":"product_cat-bas","7":"product_cat-nouveautes","8":"product_cat-shorts","10":"first","11":"instock","12":"taxable","13":"shipping-taxable","14":"purchasable","15":"product-type-variable","16":"has-default-attributes"},"bundled_by":["105014"],"bundle_stock_status":"instock","bundle_stock_quantity":null,"bundle_virtual":false,"bundle_layout":"","bundle_add_to_cart_form_location":"","bundle_editable_in_cart":false,"bundle_sold_individually_context":"","bundle_item_grouping":"","bundle_min_size":"","bundle_max_size":"","bundled_items":[],"bundle_sell_ids":[],"yoast_head":"<!-- This site is optimized with the Yoast SEO plugin v27.6 - https:\/\/yoast.com\/product\/yoast-seo-wordpress\/ -->\n<title>Short BONITA - BABEE<\/title>\n<meta name=\"robots\" content=\"index, follow, max-snippet:-1, max-image-preview:large, max-video-preview:-1\" \/>\n<link rel=\"canonical\" href=\"https:\/\/babeefit.com\/en\/product\/bonita\/\" \/>\n<meta property=\"og:locale\" content=\"en_US\" \/>\n<meta property=\"og:type\" content=\"article\" \/>\n<meta property=\"og:title\" content=\"Short BONITA - BABEE\" \/>\n<meta property=\"og:description\" content=\"BONITA est le MUST-HAVE pour la rentr\u00e9e ! Un short \u00e0 la ceinture haute et une coupe galbante, adapt\u00e9 \u00e0 toutes les morphologies !\" \/>\n<meta property=\"og:url\" content=\"https:\/\/babeefit.com\/en\/product\/bonita\/\" \/>\n<meta property=\"og:site_name\" content=\"BABEE\" \/>\n<meta property=\"article:modified_time\" content=\"2025-02-18T15:53:08+00:00\" \/>\n<meta property=\"og:image\" content=\"https:\/\/babeefit.com\/wp-content\/uploads\/2022\/08\/BabeeFit_Capsule0403-copy-scaled.jpg\" \/>\n\t<meta property=\"og:image:width\" content=\"1708\" \/>\n\t<meta property=\"og:image:height\" content=\"2560\" \/>\n\t<meta property=\"og:image:type\" content=\"image\/jpeg\" \/>\n<meta name=\"twitter:card\" content=\"summary_large_image\" \/>\n<meta name=\"twitter:label1\" content=\"Est. reading time\" \/>\n\t<meta name=\"twitter:data1\" content=\"1 minute\" \/>\n<script type=\"application\/ld+json\" class=\"yoast-schema-graph\">{\"@context\":\"https:\\\/\\\/schema.org\",\"@graph\":[{\"@type\":\"WebPage\",\"@id\":\"https:\\\/\\\/babeefit.com\\\/product\\\/bonita\\\/\",\"url\":\"https:\\\/\\\/babeefit.com\\\/product\\\/bonita\\\/\",\"name\":\"Short BONITA - BABEE\",\"isPartOf\":{\"@id\":\"https:\\\/\\\/babeefit.com\\\/#website\"},\"primaryImageOfPage\":{\"@id\":\"https:\\\/\\\/babeefit.com\\\/product\\\/bonita\\\/#primaryimage\"},\"image\":{\"@id\":\"https:\\\/\\\/babeefit.com\\\/product\\\/bonita\\\/#primaryimage\"},\"thumbnailUrl\":\"https:\\\/\\\/babeefit.com\\\/wp-content\\\/uploads\\\/2022\\\/08\\\/BabeeFit_Capsule0403-copy-scaled.jpg\",\"datePublished\":\"2022-08-31T01:09:08+00:00\",\"dateModified\":\"2025-02-18T15:53:08+00:00\",\"breadcrumb\":{\"@id\":\"https:\\\/\\\/babeefit.com\\\/product\\\/bonita\\\/#breadcrumb\"},\"inLanguage\":\"en-US\",\"potentialAction\":[{\"@type\":\"ReadAction\",\"target\":[\"https:\\\/\\\/babeefit.com\\\/product\\\/bonita\\\/\"]}]},{\"@type\":\"ImageObject\",\"inLanguage\":\"en-US\",\"@id\":\"https:\\\/\\\/babeefit.com\\\/product\\\/bonita\\\/#primaryimage\",\"url\":\"https:\\\/\\\/babeefit.com\\\/wp-content\\\/uploads\\\/2022\\\/08\\\/BabeeFit_Capsule0403-copy-scaled.jpg\",\"contentUrl\":\"https:\\\/\\\/babeefit.com\\\/wp-content\\\/uploads\\\/2022\\\/08\\\/BabeeFit_Capsule0403-copy-scaled.jpg\",\"width\":1708,\"height\":2560},{\"@type\":\"BreadcrumbList\",\"@id\":\"https:\\\/\\\/babeefit.com\\\/product\\\/bonita\\\/#breadcrumb\",\"itemListElement\":[{\"@type\":\"ListItem\",\"position\":1,\"name\":\"Accueil\",\"item\":\"https:\\\/\\\/babeefit.com\\\/\"},{\"@type\":\"ListItem\",\"position\":2,\"name\":\"SHOP\",\"item\":\"https:\\\/\\\/babeefit.com\\\/shop\\\/\"},{\"@type\":\"ListItem\",\"position\":3,\"name\":\"Short BONITA\"}]},{\"@type\":\"WebSite\",\"@id\":\"https:\\\/\\\/babeefit.com\\\/#website\",\"url\":\"https:\\\/\\\/babeefit.com\\\/\",\"name\":\"BABEE\",\"description\":\"Le fitness premium \u00e9thique &amp; made in Europe | BABEE\",\"publisher\":{\"@id\":\"https:\\\/\\\/babeefit.com\\\/#organization\"},\"potentialAction\":[{\"@type\":\"SearchAction\",\"target\":{\"@type\":\"EntryPoint\",\"urlTemplate\":\"https:\\\/\\\/babeefit.com\\\/?s={search_term_string}\"},\"query-input\":{\"@type\":\"PropertyValueSpecification\",\"valueRequired\":true,\"valueName\":\"search_term_string\"}}],\"inLanguage\":\"en-US\"},{\"@type\":\"Organization\",\"@id\":\"https:\\\/\\\/babeefit.com\\\/#organization\",\"name\":\"BABEE\",\"url\":\"https:\\\/\\\/babeefit.com\\\/\",\"logo\":{\"@type\":\"ImageObject\",\"inLanguage\":\"en-US\",\"@id\":\"https:\\\/\\\/babeefit.com\\\/#\\\/schema\\\/logo\\\/image\\\/\",\"url\":\"https:\\\/\\\/babeefit.com\\\/wp-content\\\/uploads\\\/2022\\\/02\\\/TYPO-noir-Babee.png\",\"contentUrl\":\"https:\\\/\\\/babeefit.com\\\/wp-content\\\/uploads\\\/2022\\\/02\\\/TYPO-noir-Babee.png\",\"width\":1784,\"height\":366,\"caption\":\"BABEE\"},\"image\":{\"@id\":\"https:\\\/\\\/babeefit.com\\\/#\\\/schema\\\/logo\\\/image\\\/\"}}]}<\/script>\n<!-- \/ Yoast SEO plugin. -->","yoast_head_json":{"title":"Short BONITA - BABEE","robots":{"index":"index","follow":"follow","max-snippet":"max-snippet:-1","max-image-preview":"max-image-preview:large","max-video-preview":"max-video-preview:-1"},"canonical":"https:\/\/babeefit.com\/en\/product\/bonita\/","og_locale":"en_US","og_type":"article","og_title":"Short BONITA - BABEE","og_description":"BONITA est le MUST-HAVE pour la rentr\u00e9e ! Un short \u00e0 la ceinture haute et une coupe galbante, adapt\u00e9 \u00e0 toutes les morphologies !","og_url":"https:\/\/babeefit.com\/en\/product\/bonita\/","og_site_name":"BABEE","article_modified_time":"2025-02-18T15:53:08+00:00","og_image":[{"width":1708,"height":2560,"url":"https:\/\/babeefit.com\/wp-content\/uploads\/2022\/08\/BabeeFit_Capsule0403-copy-scaled.jpg","type":"image\/jpeg"}],"twitter_card":"summary_large_image","twitter_misc":{"Est. reading time":"1 minute"},"schema":{"@context":"https:\/\/schema.org","@graph":[{"@type":"WebPage","@id":"https:\/\/babeefit.com\/product\/bonita\/","url":"https:\/\/babeefit.com\/product\/bonita\/","name":"Short BONITA - BABEE","isPartOf":{"@id":"https:\/\/babeefit.com\/#website"},"primaryImageOfPage":{"@id":"https:\/\/babeefit.com\/product\/bonita\/#primaryimage"},"image":{"@id":"https:\/\/babeefit.com\/product\/bonita\/#primaryimage"},"thumbnailUrl":"https:\/\/babeefit.com\/wp-content\/uploads\/2022\/08\/BabeeFit_Capsule0403-copy-scaled.jpg","datePublished":"2022-08-31T01:09:08+00:00","dateModified":"2025-02-18T15:53:08+00:00","breadcrumb":{"@id":"https:\/\/babeefit.com\/product\/bonita\/#breadcrumb"},"inLanguage":"en-US","potentialAction":[{"@type":"ReadAction","target":["https:\/\/babeefit.com\/product\/bonita\/"]}]},{"@type":"ImageObject","inLanguage":"en-US","@id":"https:\/\/babeefit.com\/product\/bonita\/#primaryimage","url":"https:\/\/babeefit.com\/wp-content\/uploads\/2022\/08\/BabeeFit_Capsule0403-copy-scaled.jpg","contentUrl":"https:\/\/babeefit.com\/wp-content\/uploads\/2022\/08\/BabeeFit_Capsule0403-copy-scaled.jpg","width":1708,"height":2560},{"@type":"BreadcrumbList","@id":"https:\/\/babeefit.com\/product\/bonita\/#breadcrumb","itemListElement":[{"@type":"ListItem","position":1,"name":"Accueil","item":"https:\/\/babeefit.com\/"},{"@type":"ListItem","position":2,"name":"SHOP","item":"https:\/\/babeefit.com\/shop\/"},{"@type":"ListItem","position":3,"name":"Short BONITA"}]},{"@type":"WebSite","@id":"https:\/\/babeefit.com\/#website","url":"https:\/\/babeefit.com\/","name":"BABEE","description":"Le fitness premium \u00e9thique &amp; made in Europe | BABEE","publisher":{"@id":"https:\/\/babeefit.com\/#organization"},"potentialAction":[{"@type":"SearchAction","target":{"@type":"EntryPoint","urlTemplate":"https:\/\/babeefit.com\/?s={search_term_string}"},"query-input":{"@type":"PropertyValueSpecification","valueRequired":true,"valueName":"search_term_string"}}],"inLanguage":"en-US"},{"@type":"Organization","@id":"https:\/\/babeefit.com\/#organization","name":"BABEE","url":"https:\/\/babeefit.com\/","logo":{"@type":"ImageObject","inLanguage":"en-US","@id":"https:\/\/babeefit.com\/#\/schema\/logo\/image\/","url":"https:\/\/babeefit.com\/wp-content\/uploads\/2022\/02\/TYPO-noir-Babee.png","contentUrl":"https:\/\/babeefit.com\/wp-content\/uploads\/2022\/02\/TYPO-noir-Babee.png","width":1784,"height":366,"caption":"BABEE"},"image":{"@id":"https:\/\/babeefit.com\/#\/schema\/logo\/image\/"}}]}},"_links":{"self":[{"href":"http:\/\/babeefit.com\/en\/wp-json\/wp\/v2\/product\/104917","targetHints":{"allow":["GET"]}}],"collection":[{"href":"http:\/\/babeefit.com\/en\/wp-json\/wp\/v2\/product"}],"about":[{"href":"http:\/\/babeefit.com\/en\/wp-json\/wp\/v2\/types\/product"}],"replies":[{"embeddable":true,"href":"http:\/\/babeefit.com\/en\/wp-json\/wp\/v2\/comments?post=104917"}],"wp:featuredmedia":[{"embeddable":true,"href":"http:\/\/babeefit.com\/en\/wp-json\/wp\/v2\/media\/105013"}],"wp:attachment":[{"href":"http:\/\/babeefit.com\/en\/wp-json\/wp\/v2\/media?parent=104917"}],"wp:term":[{"taxonomy":"product_brand","embeddable":true,"href":"http:\/\/babeefit.com\/en\/wp-json\/wp\/v2\/product_brand?post=104917"},{"taxonomy":"product_cat","embeddable":true,"href":"http:\/\/babeefit.com\/en\/wp-json\/wp\/v2\/product_cat?post=104917"},{"taxonomy":"product_tag","embeddable":true,"href":"http:\/\/babeefit.com\/en\/wp-json\/wp\/v2\/product_tag?post=104917"}],"curies":[{"name":"wp","href":"https:\/\/api.w.org\/{rel}","templated":true}]}}