{"id":103466,"date":"2022-02-07T15:15:02","date_gmt":"2022-02-07T14:15:02","guid":{"rendered":"https:\/\/babeefit.com\/?page_id=103466"},"modified":"2022-02-22T13:53:47","modified_gmt":"2022-02-22T12:53:47","slug":"mentions-legales","status":"publish","type":"page","link":"https:\/\/babeefit.com\/en\/mentions-legales\/","title":{"rendered":"Legal notice"},"content":{"rendered":"<div  class=\"sec_row container\"><div class=\"vc_row wpb_row vc_row-fluid vc_custom_1645020193408\"><div class=\"wpb_column vc_column_container vc_col-sm-12 et-dark-column\"><div class=\"vc_column-inner\"><div class=\"wpb_wrapper\">\n\t<div class=\"wpb_text_column wpb_content_element\" >\n\t\t<div class=\"wpb_wrapper\">\n\t\t\t<p style=\"text-align: left;\"><b>EDITOR<\/b><\/p>\n<p style=\"text-align: left;\">The https:\/\/babeefit.com website is the property of JN GROUP, a simplified joint-stock company, with capital of \u20ac100, registered with the Paris Trade and Companies Register under number 903 935 468, and whose head office is at 10, Rue de Penthi\u00e8vre \u2013 75008 Paris, France.<\/p>\n<p style=\"text-align: left;\" class=\"translation-block\">Publication Manager: JN GROUP \u2013 hello@babeefit.com<br>\nThe publication manager is a natural or legal person.<br>\nContact: hello@babeefit.com<br>\nWebsite: https:\/\/babeefit.com<\/p>\n<p style=\"text-align: left;\"><b>HOST<\/b><\/p>\n<p style=\"text-align: left;\" class=\"translation-block\">Infomaniak Network SA<br>\nRue Eug\u00e8ne-Marziano 25<br>\n1227, Geneva \u2013 Switzerland<\/p>\n<p style=\"text-align: left;\"><b>TRADEMARK<\/b><\/p>\n<p style=\"text-align: left;\">BABEE \u00ae is a registered trademark at the INPI under number 4818272 by the company JN GROUP, a simplified joint-stock company, with capital of \u20ac100, registered with the Paris Trade and Companies Register under number 903 935 468, and of which the head office is at 10, Rue de Penthi\u00e8vre \u2013 75008 Paris, France. Any use of the BABEE \u00ae brand without the consent of JN GROUP is strictly prohibited.<\/p>\n<p style=\"text-align: left;\"><b>COPYRIGHT<\/b><\/p>\n<p style=\"text-align: left;\">All the elements of the https:\/\/babeefit.com site, in particular the texts, presentations, illustrations, photographs, tree structures and layouts are, except for public documents and additional details, the exclusive intellectual property of BABEE \u00ae or its partners. As such, their representations, reproductions, nestings, distributions and rebroadcasts, partial or total, are prohibited in accordance with the provisions of Article L. 122-4 of the Intellectual Property Code. Any person doing so without being able to justify prior and express authorization from the holder of these rights incurs the penalties relating to the offense of counterfeiting provided for in articles L. 335-2 and following of the Intellectual Property Code. In addition, the representations, reproductions, nestings, distributions and reruns, partial or total, of the database contained in the site https:\/\/babeefit.com are prohibited under the provisions of law n \u00b0 98-536 of the 1st July 1998 on the legal protection of databases. In any case, on any authorized copy of all or part of the content of the site, the mention \"Copyright 2022 babeefit.com\" must appear.<\/p>\n<p style=\"text-align: left;\">This entire site is subject to French and international legislation on copyright and intellectual property. The names, trademarks and brands mentioned on this site are the property of their respective owners. Any use or reproduction, total or partial, of the site, of the elements which compose it and\/or of the information which appears there, by any means whatsoever, constitutes an infringement punishable by the Code of Intellectual Property.<\/p>\n<p style=\"text-align: left;\"><b>PERSONAL DATA AND COOKIES<\/b><\/p>\n<p style=\"text-align: left;\">In accordance with articles 27 and 34 of the Data Protection Act, you have the right to access, modify, rectify and delete data concerning you at any time. To exercise this right, simply make a request by specifying your full contact details (first and last name, address and telephone) by sending an e-mail to hello@babeefit.com.<\/p>\n<p style=\"text-align: left;\">All information in your Account is only used within the framework of your business relationship with babeefit.com. This information is never shared with third parties or resold. Finally, your banking information is never in our possession. Transactions are entirely processed by Paypal, Apple Pay or by the secure payment module of our partner STRIPE. The Site uses cookies, of which the user is informed when arriving on the website, which make it possible to record information relating to navigation on the website. These cookies are installed only after acceptance by the user, the continuation of the navigation on the website being worth acceptance. The user can oppose the use of these cookies by configuring his browser. Note that access to certain services may require the prior acceptance of cookies by the user.<\/p>\n<p style=\"text-align: left;\">Browsing on the https:\/\/babeefit.com site is likely to cause the installation of cookie(s) on the user's computer. A cookie is a small file, which does not allow the identification of the user, but which records information relating to the navigation of a computer on a site. The data thus obtained are intended to adapt the personalization of the site and the advertising offer accordingly, to facilitate subsequent navigation on the site, and are also intended to allow various measures of attendance.<\/p>\n<p style=\"text-align: left;\">Refusal to install a cookie may make it impossible to access certain services. However, the user can configure his computer as follows to refuse the installation of cookies:<\/p>\n<p style=\"text-align: left;\">For the management of cookies, the configuration of each browser is different. It is described in the help menu of your browser. Any configuration that you can undertake will be likely to modify your browsing on the Internet and your conditions of access to certain services requiring the use of Cookies. <span class=\"Apple-converted-space\">\u00a0<\/span><\/p>\n<p style=\"text-align: left;\">Internet Explorer : https:\/\/windows.microsoft.com\/fr-FR\/windows-vista\/Block-or-allow-cookies<br \/>\nChrome : https:\/\/support.google.com\/chrome\/bin\/answer.py?hl=fr&amp;hlrm=en&amp;answer=95647<br \/>\nFirefox : https:\/\/support.mozilla.org\/fr\/kb\/Activer%20et%20d%C3%A9sactiver%20les%20cookies<br \/>\nSafari : https:\/\/support.apple.com\/fr-fr\/guide\/safari\/sfri11471\/mac<\/p>\n<p style=\"text-align: left;\">For any other browser not mentioned above, you can consult the cookie management aids available on the internet.<\/p>\n\n\t\t<\/div>\n\t<\/div>\n<\/div><\/div><\/div><\/div><\/div>","protected":false},"excerpt":{"rendered":"\u00c9DITEUR Le site https:\/\/babeefit.com est la propri\u00e9t\u00e9 de la soci\u00e9t\u00e9 JN GROUP, soci\u00e9t\u00e9 par actions simplifi\u00e9e, au capital de 100\u20ac, immatricul\u00e9e au Registre du Commerce et des Soci\u00e9t\u00e9s de Paris sous le num\u00e9ro 903\u00a0935\u00a0468, et dont le si\u00e8ge est au 10, Rue de Penthi\u00e8vre \u2013 75008 Paris, France. Responsable publication&hellip;","protected":false},"author":1,"featured_media":0,"parent":0,"menu_order":0,"comment_status":"closed","ping_status":"closed","template":"","meta":{"footnotes":""},"class_list":["post-103466","page","type-page","status-publish","hentry"],"yoast_head":"<!-- This site is optimized with the Yoast SEO plugin v27.4 - https:\/\/yoast.com\/product\/yoast-seo-wordpress\/ -->\n<title>Mentions l\u00e9gales - BABEE BABEE<\/title>\n<meta name=\"robots\" content=\"index, follow, max-snippet:-1, max-image-preview:large, max-video-preview:-1\" \/>\n<link rel=\"canonical\" href=\"https:\/\/babeefit.com\/en\/mentions-legales\/\" \/>\n<meta property=\"og:locale\" content=\"en_US\" \/>\n<meta property=\"og:type\" content=\"article\" \/>\n<meta property=\"og:title\" content=\"Mentions l\u00e9gales - BABEE BABEE\" \/>\n<meta property=\"og:url\" content=\"https:\/\/babeefit.com\/en\/mentions-legales\/\" \/>\n<meta property=\"og:site_name\" content=\"BABEE\" \/>\n<meta property=\"article:modified_time\" content=\"2022-02-22T12:53:47+00:00\" \/>\n<meta name=\"twitter:card\" content=\"summary_large_image\" \/>\n<meta name=\"twitter:label1\" content=\"Est. reading time\" \/>\n\t<meta name=\"twitter:data1\" content=\"5 minutes\" \/>\n<script type=\"application\/ld+json\" class=\"yoast-schema-graph\">{\"@context\":\"https:\\\/\\\/schema.org\",\"@graph\":[{\"@type\":\"WebPage\",\"@id\":\"https:\\\/\\\/babeefit.com\\\/mentions-legales\\\/\",\"url\":\"https:\\\/\\\/babeefit.com\\\/mentions-legales\\\/\",\"name\":\"Mentions l\u00e9gales - BABEE BABEE\",\"isPartOf\":{\"@id\":\"https:\\\/\\\/babeefit.com\\\/#website\"},\"datePublished\":\"2022-02-07T14:15:02+00:00\",\"dateModified\":\"2022-02-22T12:53:47+00:00\",\"breadcrumb\":{\"@id\":\"https:\\\/\\\/babeefit.com\\\/mentions-legales\\\/#breadcrumb\"},\"inLanguage\":\"en-US\",\"potentialAction\":[{\"@type\":\"ReadAction\",\"target\":[\"https:\\\/\\\/babeefit.com\\\/mentions-legales\\\/\"]}]},{\"@type\":\"BreadcrumbList\",\"@id\":\"https:\\\/\\\/babeefit.com\\\/mentions-legales\\\/#breadcrumb\",\"itemListElement\":[{\"@type\":\"ListItem\",\"position\":1,\"name\":\"Accueil\",\"item\":\"https:\\\/\\\/babeefit.com\\\/\"},{\"@type\":\"ListItem\",\"position\":2,\"name\":\"Mentions l\u00e9gales\"}]},{\"@type\":\"WebSite\",\"@id\":\"https:\\\/\\\/babeefit.com\\\/#website\",\"url\":\"https:\\\/\\\/babeefit.com\\\/\",\"name\":\"BABEE\",\"description\":\"Le fitness premium \u00e9thique &amp; made in Europe | BABEE\",\"publisher\":{\"@id\":\"https:\\\/\\\/babeefit.com\\\/#organization\"},\"potentialAction\":[{\"@type\":\"SearchAction\",\"target\":{\"@type\":\"EntryPoint\",\"urlTemplate\":\"https:\\\/\\\/babeefit.com\\\/?s={search_term_string}\"},\"query-input\":{\"@type\":\"PropertyValueSpecification\",\"valueRequired\":true,\"valueName\":\"search_term_string\"}}],\"inLanguage\":\"en-US\"},{\"@type\":\"Organization\",\"@id\":\"https:\\\/\\\/babeefit.com\\\/#organization\",\"name\":\"BABEE\",\"url\":\"https:\\\/\\\/babeefit.com\\\/\",\"logo\":{\"@type\":\"ImageObject\",\"inLanguage\":\"en-US\",\"@id\":\"https:\\\/\\\/babeefit.com\\\/#\\\/schema\\\/logo\\\/image\\\/\",\"url\":\"https:\\\/\\\/babeefit.com\\\/wp-content\\\/uploads\\\/2022\\\/02\\\/TYPO-noir-Babee.png\",\"contentUrl\":\"https:\\\/\\\/babeefit.com\\\/wp-content\\\/uploads\\\/2022\\\/02\\\/TYPO-noir-Babee.png\",\"width\":1784,\"height\":366,\"caption\":\"BABEE\"},\"image\":{\"@id\":\"https:\\\/\\\/babeefit.com\\\/#\\\/schema\\\/logo\\\/image\\\/\"}}]}<\/script>\n<!-- \/ Yoast SEO plugin. -->","yoast_head_json":{"title":"Mentions l\u00e9gales - BABEE BABEE","robots":{"index":"index","follow":"follow","max-snippet":"max-snippet:-1","max-image-preview":"max-image-preview:large","max-video-preview":"max-video-preview:-1"},"canonical":"https:\/\/babeefit.com\/en\/mentions-legales\/","og_locale":"en_US","og_type":"article","og_title":"Mentions l\u00e9gales - BABEE BABEE","og_url":"https:\/\/babeefit.com\/en\/mentions-legales\/","og_site_name":"BABEE","article_modified_time":"2022-02-22T12:53:47+00:00","twitter_card":"summary_large_image","twitter_misc":{"Est. reading time":"5 minutes"},"schema":{"@context":"https:\/\/schema.org","@graph":[{"@type":"WebPage","@id":"https:\/\/babeefit.com\/mentions-legales\/","url":"https:\/\/babeefit.com\/mentions-legales\/","name":"Mentions l\u00e9gales - BABEE BABEE","isPartOf":{"@id":"https:\/\/babeefit.com\/#website"},"datePublished":"2022-02-07T14:15:02+00:00","dateModified":"2022-02-22T12:53:47+00:00","breadcrumb":{"@id":"https:\/\/babeefit.com\/mentions-legales\/#breadcrumb"},"inLanguage":"en-US","potentialAction":[{"@type":"ReadAction","target":["https:\/\/babeefit.com\/mentions-legales\/"]}]},{"@type":"BreadcrumbList","@id":"https:\/\/babeefit.com\/mentions-legales\/#breadcrumb","itemListElement":[{"@type":"ListItem","position":1,"name":"Accueil","item":"https:\/\/babeefit.com\/"},{"@type":"ListItem","position":2,"name":"Mentions l\u00e9gales"}]},{"@type":"WebSite","@id":"https:\/\/babeefit.com\/#website","url":"https:\/\/babeefit.com\/","name":"BABEE","description":"Le fitness premium \u00e9thique &amp; made in Europe | BABEE","publisher":{"@id":"https:\/\/babeefit.com\/#organization"},"potentialAction":[{"@type":"SearchAction","target":{"@type":"EntryPoint","urlTemplate":"https:\/\/babeefit.com\/?s={search_term_string}"},"query-input":{"@type":"PropertyValueSpecification","valueRequired":true,"valueName":"search_term_string"}}],"inLanguage":"en-US"},{"@type":"Organization","@id":"https:\/\/babeefit.com\/#organization","name":"BABEE","url":"https:\/\/babeefit.com\/","logo":{"@type":"ImageObject","inLanguage":"en-US","@id":"https:\/\/babeefit.com\/#\/schema\/logo\/image\/","url":"https:\/\/babeefit.com\/wp-content\/uploads\/2022\/02\/TYPO-noir-Babee.png","contentUrl":"https:\/\/babeefit.com\/wp-content\/uploads\/2022\/02\/TYPO-noir-Babee.png","width":1784,"height":366,"caption":"BABEE"},"image":{"@id":"https:\/\/babeefit.com\/#\/schema\/logo\/image\/"}}]}},"_links":{"self":[{"href":"https:\/\/babeefit.com\/en\/wp-json\/wp\/v2\/pages\/103466","targetHints":{"allow":["GET"]}}],"collection":[{"href":"https:\/\/babeefit.com\/en\/wp-json\/wp\/v2\/pages"}],"about":[{"href":"https:\/\/babeefit.com\/en\/wp-json\/wp\/v2\/types\/page"}],"author":[{"embeddable":true,"href":"https:\/\/babeefit.com\/en\/wp-json\/wp\/v2\/users\/1"}],"replies":[{"embeddable":true,"href":"https:\/\/babeefit.com\/en\/wp-json\/wp\/v2\/comments?post=103466"}],"version-history":[{"count":20,"href":"https:\/\/babeefit.com\/en\/wp-json\/wp\/v2\/pages\/103466\/revisions"}],"predecessor-version":[{"id":104338,"href":"https:\/\/babeefit.com\/en\/wp-json\/wp\/v2\/pages\/103466\/revisions\/104338"}],"wp:attachment":[{"href":"https:\/\/babeefit.com\/en\/wp-json\/wp\/v2\/media?parent=103466"}],"curies":[{"name":"wp","href":"https:\/\/api.w.org\/{rel}","templated":true}]}}