{"id":103513,"date":"2022-02-08T14:51:41","date_gmt":"2022-02-08T13:51:41","guid":{"rendered":"https:\/\/babeefit.com\/?page_id=103513"},"modified":"2022-12-17T13:00:22","modified_gmt":"2022-12-17T12:00:22","slug":"livraison-et-retours","status":"publish","type":"page","link":"https:\/\/babeefit.com\/en\/livraison-et-retours\/","title":{"rendered":"Shipping and Returns"},"content":{"rendered":"<h2><b>Shipping<\/b><\/h2>\n<p><span style=\"font-weight: 400;\">Orders are shipped within 24 hours (excluding weekends and public holidays).\u00a0<\/span><\/p>\n<p><span style=\"font-weight: 400;\">We offer delivery to the following countries:\u00a0<\/span><\/p>\n<ul>\n<li style=\"font-weight: 400;\" aria-level=\"1\" class=\"translation-block\"><span style=\"font-weight: 400\"><strong>Metropolitan France<\/strong> (<\/span><i><span style=\"font-weight: 400\">Free standard delivery from 90\u20ac with Chronopost<\/span><\/i><span style=\"font-weight: 400\">)<\/span><\/li>\n<li style=\"font-weight: 400;\" aria-level=\"1\" class=\"translation-block\"><span style=\"font-weight: 400\"><strong>Overseas Territories<\/strong> (<\/span><span style=\"font-weight: 400\">Guadeloupe, Martinique, Guyana, La R\u00e9union, Mayotte, Saint-Pierre-et-Miquelon, Saint-Martin, Saint-Barth\u00e9lemy, New Caledonia, French Polynesia, Wallis-et-Futuna, French Southern and Antarctic Lands <\/span><span style=\"font-weight : 400\">)<\/span><\/li>\n<li style=\"font-weight: 400;\" aria-level=\"1\"><strong>Across Europe<\/strong><\/li>\n<li style=\"font-weight: 400;\" aria-level=\"1\"><strong>United Kingdom<\/strong><\/li>\n<li style=\"font-weight: 400;\" aria-level=\"1\"><strong>Switzerland<\/strong><\/li>\n<li style=\"font-weight: 400;\" aria-level=\"1\"><strong>Canada<\/strong><\/li>\n<li style=\"font-weight: 400;\" aria-level=\"1\"><strong>Israel<\/strong><\/li>\n<\/ul>\n<p><span style=\"font-weight: 400;\">We work with multiple carriers, depending on the country, in order to offer the best rates: Colissimo, Mondial Relay, Chronopost and UPS.\u00a0<\/span><\/p>\n<h2><b>Returns<\/b><\/h2>\n<p class=\"translation-block\"><span style=\"font-weight: 400\">Returns are <strong>free<\/strong> in Metropolitan France. You have <\/span><b>14 days<\/b><span style=\"font-weight: 400\"> to return an item to us (from the date of receipt).<\/span><\/p>\n<p class=\"translation-block\"><span style=\"font-weight: 400\">To make a return, contact customer service at: <strong><a href=\"mailto:hello@babeefit.com\" target=\"_self\">hello @babeefit.com<\/a><\/strong>. We will send you the return slip to stick on your package.<\/span><\/p>\n<p class=\"translation-block\"><span style=\"font-weight: 400\">We do not exchange items except for defective or faulty items. We only accept returns for a refund or a credit (<em>if you prefer to receive a credit on our shop, please let us know by email<\/em>). <\/span><\/p>\n<p><span style=\"font-weight: 400;\">The products must be returned in their original packaging, in their original condition, new with labels, free of any traces (stains, make-up, deodorant, etc.), unworn and unwashed, failing which the refund will not cannot be performed.<\/span><\/p>\n<p class=\"translation-block\"><span style=\"font-weight: 400\">The return address will be sent to you<\/span><b>by email<\/b><span style=\"font-weight: 400\">. <u>Under no circumstances should the return of parts be made to the address of the head office<\/u>, if applicable, no refund or processing of the return will be accepted. <\/span><\/p>\n<p><b>A Question ?<\/b><\/p>\n<p class=\"translation-block\"><span style=\"font-weight: 400\">Check out our <\/span><a href=\"https:\/\/babeefit.com\/en\/faq\/\" target=\"_self\"><b>FAQ<\/b><\/a><span style=\"font-weight: 400\">! We are also available by email: <\/span><a href=\"mailto:hello@babeefit.com\" target=\"_self\"><span style=\"font-weight: 400\">hello@babeefit.com<\/span><\/a><span style=\"font-weight: 400\">. <\/span><\/p>","protected":false},"excerpt":{"rendered":"<p>Livraison Les commandes sont exp\u00e9di\u00e9es sous 24h (hors week-end et jours f\u00e9ri\u00e9s).\u00a0 Nous proposons une livraison dans les pays suivants :\u00a0 France M\u00e9tropolitaine (Livraison standard offerte d\u00e8s 90\u20ac avec Chronopost) Territoires d\u2019Outre Mer (Guadeloupe, Martinique, Guyane, La R\u00e9union, Mayotte, Saint-Pierre-et-Miquelon, Saint-Martin, Saint-Barth\u00e9lemy, Nouvelle-Cal\u00e9donie, Polyn\u00e9sie Fran\u00e7aise, Wallis-et-Futuna, Terres australes et antarctiques&hellip;<\/p>","protected":false},"author":1,"featured_media":0,"parent":0,"menu_order":0,"comment_status":"closed","ping_status":"closed","template":"","meta":{"footnotes":""},"class_list":["post-103513","page","type-page","status-publish","hentry"],"yoast_head":"<!-- This site is optimized with the Yoast SEO plugin v27.4 - https:\/\/yoast.com\/product\/yoast-seo-wordpress\/ -->\n<title>Livraison et Retours - BABEE BABEE<\/title>\n<meta name=\"robots\" content=\"index, follow, max-snippet:-1, max-image-preview:large, max-video-preview:-1\" \/>\n<link rel=\"canonical\" href=\"https:\/\/babeefit.com\/en\/livraison-et-retours\/\" \/>\n<meta property=\"og:locale\" content=\"en_US\" \/>\n<meta property=\"og:type\" content=\"article\" \/>\n<meta property=\"og:title\" content=\"Livraison et Retours - BABEE BABEE\" \/>\n<meta property=\"og:description\" content=\"Livraison Les commandes sont exp\u00e9di\u00e9es sous 24h (hors week-end et jours f\u00e9ri\u00e9s).\u00a0 Nous proposons une livraison dans les pays suivants :\u00a0 France M\u00e9tropolitaine (Livraison standard offerte d\u00e8s 90\u20ac avec Chronopost) Territoires d\u2019Outre Mer (Guadeloupe, Martinique, Guyane, La R\u00e9union, Mayotte, Saint-Pierre-et-Miquelon, Saint-Martin, Saint-Barth\u00e9lemy, Nouvelle-Cal\u00e9donie, Polyn\u00e9sie Fran\u00e7aise, Wallis-et-Futuna, Terres australes et antarctiques&hellip;\" \/>\n<meta property=\"og:url\" content=\"https:\/\/babeefit.com\/en\/livraison-et-retours\/\" \/>\n<meta property=\"og:site_name\" content=\"BABEE\" \/>\n<meta property=\"article:modified_time\" content=\"2022-12-17T12:00:22+00:00\" \/>\n<meta name=\"twitter:card\" content=\"summary_large_image\" \/>\n<meta name=\"twitter:label1\" content=\"Est. reading time\" \/>\n\t<meta name=\"twitter:data1\" content=\"2 minutes\" \/>\n<script type=\"application\/ld+json\" class=\"yoast-schema-graph\">{\"@context\":\"https:\\\/\\\/schema.org\",\"@graph\":[{\"@type\":\"WebPage\",\"@id\":\"https:\\\/\\\/babeefit.com\\\/livraison-et-retours\\\/\",\"url\":\"https:\\\/\\\/babeefit.com\\\/livraison-et-retours\\\/\",\"name\":\"Livraison et Retours - BABEE BABEE\",\"isPartOf\":{\"@id\":\"https:\\\/\\\/babeefit.com\\\/#website\"},\"datePublished\":\"2022-02-08T13:51:41+00:00\",\"dateModified\":\"2022-12-17T12:00:22+00:00\",\"breadcrumb\":{\"@id\":\"https:\\\/\\\/babeefit.com\\\/livraison-et-retours\\\/#breadcrumb\"},\"inLanguage\":\"en-US\",\"potentialAction\":[{\"@type\":\"ReadAction\",\"target\":[\"https:\\\/\\\/babeefit.com\\\/livraison-et-retours\\\/\"]}]},{\"@type\":\"BreadcrumbList\",\"@id\":\"https:\\\/\\\/babeefit.com\\\/livraison-et-retours\\\/#breadcrumb\",\"itemListElement\":[{\"@type\":\"ListItem\",\"position\":1,\"name\":\"Accueil\",\"item\":\"https:\\\/\\\/babeefit.com\\\/\"},{\"@type\":\"ListItem\",\"position\":2,\"name\":\"Livraison et Retours\"}]},{\"@type\":\"WebSite\",\"@id\":\"https:\\\/\\\/babeefit.com\\\/#website\",\"url\":\"https:\\\/\\\/babeefit.com\\\/\",\"name\":\"BABEE\",\"description\":\"Le fitness premium \u00e9thique &amp; made in Europe | BABEE\",\"publisher\":{\"@id\":\"https:\\\/\\\/babeefit.com\\\/#organization\"},\"potentialAction\":[{\"@type\":\"SearchAction\",\"target\":{\"@type\":\"EntryPoint\",\"urlTemplate\":\"https:\\\/\\\/babeefit.com\\\/?s={search_term_string}\"},\"query-input\":{\"@type\":\"PropertyValueSpecification\",\"valueRequired\":true,\"valueName\":\"search_term_string\"}}],\"inLanguage\":\"en-US\"},{\"@type\":\"Organization\",\"@id\":\"https:\\\/\\\/babeefit.com\\\/#organization\",\"name\":\"BABEE\",\"url\":\"https:\\\/\\\/babeefit.com\\\/\",\"logo\":{\"@type\":\"ImageObject\",\"inLanguage\":\"en-US\",\"@id\":\"https:\\\/\\\/babeefit.com\\\/#\\\/schema\\\/logo\\\/image\\\/\",\"url\":\"https:\\\/\\\/babeefit.com\\\/wp-content\\\/uploads\\\/2022\\\/02\\\/TYPO-noir-Babee.png\",\"contentUrl\":\"https:\\\/\\\/babeefit.com\\\/wp-content\\\/uploads\\\/2022\\\/02\\\/TYPO-noir-Babee.png\",\"width\":1784,\"height\":366,\"caption\":\"BABEE\"},\"image\":{\"@id\":\"https:\\\/\\\/babeefit.com\\\/#\\\/schema\\\/logo\\\/image\\\/\"}}]}<\/script>\n<!-- \/ Yoast SEO plugin. -->","yoast_head_json":{"title":"Livraison et Retours - BABEE BABEE","robots":{"index":"index","follow":"follow","max-snippet":"max-snippet:-1","max-image-preview":"max-image-preview:large","max-video-preview":"max-video-preview:-1"},"canonical":"https:\/\/babeefit.com\/en\/livraison-et-retours\/","og_locale":"en_US","og_type":"article","og_title":"Livraison et Retours - BABEE BABEE","og_description":"Livraison Les commandes sont exp\u00e9di\u00e9es sous 24h (hors week-end et jours f\u00e9ri\u00e9s).\u00a0 Nous proposons une livraison dans les pays suivants :\u00a0 France M\u00e9tropolitaine (Livraison standard offerte d\u00e8s 90\u20ac avec Chronopost) Territoires d\u2019Outre Mer (Guadeloupe, Martinique, Guyane, La R\u00e9union, Mayotte, Saint-Pierre-et-Miquelon, Saint-Martin, Saint-Barth\u00e9lemy, Nouvelle-Cal\u00e9donie, Polyn\u00e9sie Fran\u00e7aise, Wallis-et-Futuna, Terres australes et antarctiques&hellip;","og_url":"https:\/\/babeefit.com\/en\/livraison-et-retours\/","og_site_name":"BABEE","article_modified_time":"2022-12-17T12:00:22+00:00","twitter_card":"summary_large_image","twitter_misc":{"Est. reading time":"2 minutes"},"schema":{"@context":"https:\/\/schema.org","@graph":[{"@type":"WebPage","@id":"https:\/\/babeefit.com\/livraison-et-retours\/","url":"https:\/\/babeefit.com\/livraison-et-retours\/","name":"Livraison et Retours - BABEE BABEE","isPartOf":{"@id":"https:\/\/babeefit.com\/#website"},"datePublished":"2022-02-08T13:51:41+00:00","dateModified":"2022-12-17T12:00:22+00:00","breadcrumb":{"@id":"https:\/\/babeefit.com\/livraison-et-retours\/#breadcrumb"},"inLanguage":"en-US","potentialAction":[{"@type":"ReadAction","target":["https:\/\/babeefit.com\/livraison-et-retours\/"]}]},{"@type":"BreadcrumbList","@id":"https:\/\/babeefit.com\/livraison-et-retours\/#breadcrumb","itemListElement":[{"@type":"ListItem","position":1,"name":"Accueil","item":"https:\/\/babeefit.com\/"},{"@type":"ListItem","position":2,"name":"Livraison et Retours"}]},{"@type":"WebSite","@id":"https:\/\/babeefit.com\/#website","url":"https:\/\/babeefit.com\/","name":"BABEE","description":"Le fitness premium \u00e9thique &amp; made in Europe | BABEE","publisher":{"@id":"https:\/\/babeefit.com\/#organization"},"potentialAction":[{"@type":"SearchAction","target":{"@type":"EntryPoint","urlTemplate":"https:\/\/babeefit.com\/?s={search_term_string}"},"query-input":{"@type":"PropertyValueSpecification","valueRequired":true,"valueName":"search_term_string"}}],"inLanguage":"en-US"},{"@type":"Organization","@id":"https:\/\/babeefit.com\/#organization","name":"BABEE","url":"https:\/\/babeefit.com\/","logo":{"@type":"ImageObject","inLanguage":"en-US","@id":"https:\/\/babeefit.com\/#\/schema\/logo\/image\/","url":"https:\/\/babeefit.com\/wp-content\/uploads\/2022\/02\/TYPO-noir-Babee.png","contentUrl":"https:\/\/babeefit.com\/wp-content\/uploads\/2022\/02\/TYPO-noir-Babee.png","width":1784,"height":366,"caption":"BABEE"},"image":{"@id":"https:\/\/babeefit.com\/#\/schema\/logo\/image\/"}}]}},"_links":{"self":[{"href":"https:\/\/babeefit.com\/en\/wp-json\/wp\/v2\/pages\/103513","targetHints":{"allow":["GET"]}}],"collection":[{"href":"https:\/\/babeefit.com\/en\/wp-json\/wp\/v2\/pages"}],"about":[{"href":"https:\/\/babeefit.com\/en\/wp-json\/wp\/v2\/types\/page"}],"author":[{"embeddable":true,"href":"https:\/\/babeefit.com\/en\/wp-json\/wp\/v2\/users\/1"}],"replies":[{"embeddable":true,"href":"https:\/\/babeefit.com\/en\/wp-json\/wp\/v2\/comments?post=103513"}],"version-history":[{"count":11,"href":"https:\/\/babeefit.com\/en\/wp-json\/wp\/v2\/pages\/103513\/revisions"}],"predecessor-version":[{"id":105473,"href":"https:\/\/babeefit.com\/en\/wp-json\/wp\/v2\/pages\/103513\/revisions\/105473"}],"wp:attachment":[{"href":"https:\/\/babeefit.com\/en\/wp-json\/wp\/v2\/media?parent=103513"}],"curies":[{"name":"wp","href":"https:\/\/api.w.org\/{rel}","templated":true}]}}