{"id":129,"date":"2019-03-20T04:12:33","date_gmt":"2019-03-20T04:12:33","guid":{"rendered":"https:\/\/goya.everthemes.com\/demo-fashion\/?page_id=129"},"modified":"2023-01-09T17:17:36","modified_gmt":"2023-01-09T16:17:36","slug":"a-propos","status":"publish","type":"page","link":"https:\/\/babeefit.com\/en\/a-propos\/","title":{"rendered":"About"},"content":{"rendered":"<div  class=\"sec_row container\"><div class=\"vc_row wpb_row vc_row-fluid\"><div class=\"wpb_column vc_column_container vc_col-sm-12 vc_hidden-xs et-dark-column\"><div class=\"vc_column-inner  vc_custom_1645022966291\"><div class=\"wpb_wrapper\"><div class=\"vc_row wpb_row vc_inner vc_row-fluid max_width align-center vc_row-o-content-middle vc_row-flex\"><div class=\"wpb_column vc_column_container animation left-to-right vc_col-sm-12 vc_col-md-7 et-dark-column\"><div class=\"vc_column-inner\"><div class=\"wpb_wrapper\">\n\t<div class=\"wpb_text_column wpb_content_element\" >\n\t\t<div class=\"wpb_wrapper\">\n\t\t\t<p style=\"text-align: center;\"><strong>Are you tired of your old basic bras lying around in your closet and your sports outfits that never match? What could be more motivating than having an on fleek look to workout?<\/strong><\/p>\n\n\t\t<\/div>\n\t<\/div>\n<div class=\"vc_empty_space\"   style=\"height: 30px\"><span class=\"vc_empty_space_inner\"><\/span><\/div>\n\t<div  class=\"wpb_single_image wpb_content_element vc_align_center  vc_custom_1651763959351\">\n\t\t\n\t\t<figure class=\"wpb_wrapper vc_figure\">\n\t\t\t<div class=\"vc_single_image-wrapper   vc_box_border_grey\"><img loading=\"lazy\" decoding=\"async\" width=\"646\" height=\"1024\" src=\"https:\/\/babeefit.com\/wp-content\/uploads\/2022\/05\/PHOTO-PROFIL-NEOMIE-BABEE-646x1024.jpg\" class=\"vc_single_image-img attachment-large\" alt=\"\" title=\"PHOTO PROFIL NEOMIE BABEE\" srcset=\"https:\/\/babeefit.com\/wp-content\/uploads\/2022\/05\/PHOTO-PROFIL-NEOMIE-BABEE-646x1024.jpg 646w, https:\/\/babeefit.com\/wp-content\/uploads\/2022\/05\/PHOTO-PROFIL-NEOMIE-BABEE-189x300.jpg 189w, https:\/\/babeefit.com\/wp-content\/uploads\/2022\/05\/PHOTO-PROFIL-NEOMIE-BABEE-8x12.jpg 8w, https:\/\/babeefit.com\/wp-content\/uploads\/2022\/05\/PHOTO-PROFIL-NEOMIE-BABEE-95x150.jpg 95w, https:\/\/babeefit.com\/wp-content\/uploads\/2022\/05\/PHOTO-PROFIL-NEOMIE-BABEE.jpg 656w\" sizes=\"auto, (max-width: 646px) 100vw, 646px\" \/><\/div>\n\t\t<\/figure>\n\t<\/div>\n<\/div><\/div><\/div><div class=\"wpb_column vc_column_container animation right-to-left vc_col-sm-12 vc_col-md-5 et-dark-column\"><div class=\"vc_column-inner  vc_custom_1645021892994\"><div class=\"wpb_wrapper\">\n\t<div class=\"wpb_text_column wpb_content_element\" >\n\t\t<div class=\"wpb_wrapper\">\n\t\t\t<h5 class=\"fancy-title\">THE BRAND<\/h5>\n<h2>OUR STORY<\/h2>\n<div class=\"page\" title=\"Page 2\">\n<div class=\"section\">\n<div class=\"layoutArea\">\n<div class=\"column\">\n<p>Passionn\u00e9e de fitness et de mode, N\u00e9omie Azerval, jeune entrepreneuse de 24 ans, d\u00e9cide de m\u00e9langer ses 2 passions pour lancer sa marque de fitness, <strong>BABEE<\/strong>, en 2022.<\/p>\n<p class=\"translation-block\">BABEE is <strong>the reflection of her idea of a modern woman<\/strong>\u00a0: ambitious, sexy, dynamic, and confident!<\/p>\n<p class=\"translation-block\">The concept ? Sets with unique details and top quality, so that you always <strong> look stylish even when you workout !<\/strong><\/p>\n<p class=\"translation-block\">It's <strong>the perfect fusion between fitness and style.<\/strong> You can wear our sets for sports as well as in everyday life, thanks to the comfort of our fabric. Wear your best BABEE outfit to go shopping, walk your dog or even chill at home!<\/p>\n<p class=\"translation-block\">At BABEE, we want to <strong>break the codes. <\/strong> Few women can identify with athletes or super tall models. Our muse is YOU, the everyday woman, regardless of your level of sport, because you are the inspiration for our collection!<\/p>\n<\/div>\n<\/div>\n<\/div>\n<\/div>\n\n\t\t<\/div>\n\t<\/div>\n<\/div><\/div><\/div><\/div><\/div><\/div><\/div><\/div><\/div><div  class=\"sec_row container\"><div class=\"vc_row wpb_row vc_row-fluid\"><div class=\"wpb_column vc_column_container vc_col-sm-12 vc_hidden-lg vc_hidden-md vc_hidden-sm et-dark-column\"><div class=\"vc_column-inner  vc_custom_1645022956547\"><div class=\"wpb_wrapper\"><div class=\"vc_row wpb_row vc_inner vc_row-fluid max_width align-center vc_row-o-content-middle vc_row-flex\"><div class=\"wpb_column vc_column_container animation left-to-right vc_col-sm-12 vc_col-md-7 et-dark-column\"><div class=\"vc_column-inner\"><div class=\"wpb_wrapper\">\n\t<div class=\"wpb_text_column wpb_content_element\" >\n\t\t<div class=\"wpb_wrapper\">\n\t\t\t<p style=\"text-align: center;\"><strong>Are you tired of your old basic bras lying around in your closet and your sports outfits that never match? What could be more motivating than having an on fleek look to workout?<\/strong><\/p>\n\n\t\t<\/div>\n\t<\/div>\n<div class=\"vc_empty_space\"   style=\"height: 30px\"><span class=\"vc_empty_space_inner\"><\/span><\/div>\n\t<div  class=\"wpb_single_image wpb_content_element vc_align_center\">\n\t\t\n\t\t<figure class=\"wpb_wrapper vc_figure\">\n\t\t\t<div class=\"vc_single_image-wrapper   vc_box_border_grey\"><img loading=\"lazy\" decoding=\"async\" width=\"656\" height=\"1040\" src=\"https:\/\/babeefit.com\/wp-content\/uploads\/2022\/05\/PHOTO-PROFIL-NEOMIE-BABEE.jpg\" class=\"vc_single_image-img attachment-full\" alt=\"\" title=\"PHOTO PROFIL NEOMIE BABEE\" srcset=\"https:\/\/babeefit.com\/wp-content\/uploads\/2022\/05\/PHOTO-PROFIL-NEOMIE-BABEE.jpg 656w, https:\/\/babeefit.com\/wp-content\/uploads\/2022\/05\/PHOTO-PROFIL-NEOMIE-BABEE-189x300.jpg 189w, https:\/\/babeefit.com\/wp-content\/uploads\/2022\/05\/PHOTO-PROFIL-NEOMIE-BABEE-646x1024.jpg 646w, https:\/\/babeefit.com\/wp-content\/uploads\/2022\/05\/PHOTO-PROFIL-NEOMIE-BABEE-8x12.jpg 8w, https:\/\/babeefit.com\/wp-content\/uploads\/2022\/05\/PHOTO-PROFIL-NEOMIE-BABEE-95x150.jpg 95w\" sizes=\"auto, (max-width: 656px) 100vw, 656px\" \/><\/div>\n\t\t<\/figure>\n\t<\/div>\n<\/div><\/div><\/div><div class=\"wpb_column vc_column_container animation right-to-left vc_col-sm-12 vc_col-md-5 et-dark-column\"><div class=\"vc_column-inner  vc_custom_1645021892994\"><div class=\"wpb_wrapper\">\n\t<div class=\"wpb_text_column wpb_content_element\" >\n\t\t<div class=\"wpb_wrapper\">\n\t\t\t<h5 class=\"fancy-title\">THE BRAND<\/h5>\n<h2>OUR STORY<\/h2>\n<div class=\"page\" title=\"Page 2\">\n<div class=\"section\">\n<div class=\"layoutArea\">\n<div class=\"column\">\n<p>BABEE est <strong>la fusion parfaite entre le fitness et le style<\/strong>.<\/p>\n<p>Cre\u0301e\u0301e en 2021 par la jeune entrepreneuse Ne\u0301omie Azerval a\u0300 seulement 24 ans, BABEE est le reflet de son ide\u0301e de la femme : ambitieuse,\u00a0sexy, dynamique, et qui s\u2019assume !<\/p>\n<\/div>\n<\/div>\n<\/div>\n<\/div>\n<div class=\"page\" title=\"Page 2\">\n<div class=\"section\">\n<div class=\"layoutArea\">\n<div class=\"column\">\n<p>Nous avons travaill\u00e9 pendant plus d&#8217;un an pour proposer des ensembles aux de\u0301tails uniques, de qualite\u0301 supe\u0301rieure, pour que tu sois toujours style\u0301e me\u0302me quand tu fais son sport !<\/p>\n<\/div>\n<\/div>\n<\/div>\n<\/div>\n<p>D\u2019ailleurs, nos ensembles ne sont <strong>pas que pour le sport<\/strong>. Tu peux aussi les porter dans la vie de tous les jours, gr\u00e2ce au confort de notre tissu. Tu peux sortir ton meilleur outfit BABEE pour faire les courses, promener ton chien ou m\u00eame chiller \u00e0 la maison !<\/p>\n<p>Chez BABEE, on veut <strong>casser les codes<\/strong> ! Peu de femmes arrivent \u00e0 s\u2019identifier aux athl\u00e8tes ou aux mannequins de 1m75. Notre \u00e9g\u00e9rie c\u2019est TOI, la femme de tous les jours, peu importe ton niveau de sport, car tu es l\u2019inspiration de notre collection !<\/p>\n\n\t\t<\/div>\n\t<\/div>\n<\/div><\/div><\/div><\/div><\/div><\/div><\/div><\/div><\/div><div  class=\"sec_row container-fluid\"><div class=\"vc_row wpb_row vc_row-fluid no-padding vc_custom_1645022878555 vc_row-has-fill\"><div class=\"wpb_column vc_column_container vc_col-sm-12 et-dark-column\"><div class=\"vc_column-inner  vc_custom_1645022882170\"><div class=\"wpb_wrapper\"><div class=\"vc_row wpb_row vc_inner vc_row-fluid max_width align-center align-center vc_row-o-equal-height vc_row-flex\"><div class=\"wpb_column vc_column_container animation bottom-to-top vc_col-sm-12 vc_col-lg-5 et-dark-column\"><div class=\"vc_column-inner\"><div class=\"wpb_wrapper\">\n\t<div class=\"wpb_text_column wpb_content_element\" >\n\t\t<div class=\"wpb_wrapper\">\n\t\t\t<h5 class=\"fancy-title\" style=\"text-align: center;\">OUR VALUES<\/h5>\n<h2 style=\"text-align: center;\">A EUROPEAN AND ETHICAL PRODUCTION<\/h2>\n\n\t\t<\/div>\n\t<\/div>\n<\/div><\/div><\/div><\/div><div class=\"vc_row wpb_row vc_inner vc_row-fluid max_width align-center align-center vc_row-o-equal-height vc_row-flex\"><div class=\"wpb_column vc_column_container animation bottom-to-top vc_col-sm-12 vc_col-lg-4 et-dark-column\"><div class=\"vc_column-inner\"><div class=\"wpb_wrapper\">\n\t<div class=\"wpb_text_column wpb_content_element\" >\n\t\t<div class=\"wpb_wrapper\">\n\t\t\t<p>We offer premium quality products, 100% Made in Europe, with ethical production.<\/p>\n<p>Our designs are designed in Paris, our premium fabric is made in Italy. All our clothes are handmade in a small family factory in Portugal.<\/p>\n<p>In addition, this proximity allows us to control all stages of production.<\/p>\n<p>We visited our factory to verify that the working conditions of the employees are humane and respectful, essential values at BABEE.<\/p>\n<p>By offering better quality and more durable products, we encourage you to make more responsible purchases, to reduce together the impact of textile on the environment.<\/p>\n\n\t\t<\/div>\n\t<\/div>\n<\/div><\/div><\/div><div class=\"wpb_column vc_column_container animation bottom-to-top vc_col-sm-12 vc_col-lg-4 et-dark-column\"><div class=\"vc_column-inner\"><div class=\"wpb_wrapper\">\n\t<div  class=\"wpb_single_image wpb_content_element vc_align_right\">\n\t\t\n\t\t<figure class=\"wpb_wrapper vc_figure\">\n\t\t\t<div class=\"vc_single_image-wrapper   vc_box_border_grey\"><img loading=\"lazy\" decoding=\"async\" width=\"1706\" height=\"2560\" src=\"https:\/\/babeefit.com\/wp-content\/uploads\/2022\/02\/BABEE_1414-1-scaled.jpg\" class=\"vc_single_image-img attachment-full\" alt=\"\" title=\"BABEE_1414-1\" \/><\/div>\n\t\t<\/figure>\n\t<\/div>\n<\/div><\/div><\/div><\/div><\/div><\/div><\/div><div class=\"wpb_column vc_column_container vc_col-sm-12 et-dark-column\"><div class=\"vc_column-inner\"><div class=\"wpb_wrapper\"><\/div><\/div><\/div><\/div><\/div><div  class=\"sec_row container-fluid\"><div class=\"vc_row wpb_row vc_row-fluid no-padding\"><div class=\"wpb_column vc_column_container vc_col-sm-12 vc_hidden-xs et-dark-column\"><div class=\"vc_column-inner  vc_custom_1645022983651\"><div class=\"wpb_wrapper\"><div class=\"vc_row wpb_row vc_inner vc_row-fluid max_width align-center vc_row-o-content-middle vc_row-flex\"><div class=\"small-order-2 medium-order-1 wpb_column vc_column_container animation left-to-right vc_col-sm-12 vc_col-md-5 et-dark-column\"><div class=\"vc_column-inner  vc_custom_1645021912528\"><div class=\"wpb_wrapper\">\n\t<div class=\"wpb_text_column wpb_content_element\" >\n\t\t<div class=\"wpb_wrapper\">\n\t\t\t<h5 class=\"fancy-title\">OUR MISSION<\/h5>\n<h2>#BABEEGANG<\/h2>\n<p class=\"translation-block\">In our outfits, you will be <strong>at the top of your self-confidence<\/strong> and that is our ultimate goal! We want every woman to feel confident. No matter your age, your size, your morphology, you are beautiful !<\/p>\n<p class=\"translation-block\">Around a real solid, committed and friendly community, the <strong>#BABEEGANG<\/strong>, we want to awaken the <strong>fun<\/strong> and <strong>rebellious<\/strong> side of every woman.<\/p>\n<p class=\"translation-block\">In the midst of this often stressful daily life, we are here to bring <strong>color, fun and sparkle <\/strong> into your life! And what could be better than through our colorful looks from the collection?<\/p>\n<p class=\"translation-block\">Offering colors regardless of the season is a MUST because they represent the fun and confident side of BABEE. Why wait for summer to wear <strong>colorful looks<\/strong> ? Never be afraid of the look of others and DARE!<\/p>\n\n\t\t<\/div>\n\t<\/div>\n<\/div><\/div><\/div><div class=\"small-order-1 medium-order-2 wpb_column vc_column_container vc_col-sm-12 vc_col-md-7 et-dark-column\"><div class=\"vc_column-inner\"><div class=\"wpb_wrapper\">\n\t<div  class=\"wpb_single_image wpb_content_element vc_align_center  vc_custom_1645013424014\">\n\t\t\n\t\t<figure class=\"wpb_wrapper vc_figure\">\n\t\t\t<div class=\"vc_single_image-wrapper   vc_box_border_grey\"><img loading=\"lazy\" decoding=\"async\" width=\"736\" height=\"1024\" src=\"https:\/\/babeefit.com\/wp-content\/uploads\/2022\/02\/babeegang-a-propos-babee.jpg\" class=\"vc_single_image-img attachment-large\" alt=\"\" title=\"babeegang-a-propos-babee\" srcset=\"https:\/\/babeefit.com\/wp-content\/uploads\/2022\/02\/babeegang-a-propos-babee.jpg 736w, https:\/\/babeefit.com\/wp-content\/uploads\/2022\/02\/babeegang-a-propos-babee-216x300.jpg 216w, https:\/\/babeefit.com\/wp-content\/uploads\/2022\/02\/babeegang-a-propos-babee-108x150.jpg 108w\" sizes=\"auto, (max-width: 736px) 100vw, 736px\" \/><\/div>\n\t\t<\/figure>\n\t<\/div>\n<\/div><\/div><\/div><\/div><\/div><\/div><\/div><\/div><\/div><div  class=\"sec_row container-fluid\"><div class=\"vc_row wpb_row vc_row-fluid no-padding\"><div class=\"wpb_column vc_column_container vc_col-sm-12 vc_hidden-lg vc_hidden-md vc_hidden-sm et-dark-column\"><div class=\"vc_column-inner  vc_custom_1645022995894\"><div class=\"wpb_wrapper\"><div class=\"vc_row wpb_row vc_inner vc_row-fluid max_width align-center vc_row-o-content-middle vc_row-flex\"><div class=\"small-order-2 medium-order-1 wpb_column vc_column_container animation left-to-right vc_col-sm-12 vc_col-md-5 et-dark-column\"><div class=\"vc_column-inner  vc_custom_1645021912528\"><div class=\"wpb_wrapper\">\n\t<div class=\"wpb_text_column wpb_content_element\" >\n\t\t<div class=\"wpb_wrapper\">\n\t\t\t<h5 class=\"fancy-title\">OUR MISSION<\/h5>\n<h2>#BABEEGANG<\/h2>\n<p>Dans nos ensembles, tu vas \u00eatre au max de ta confiance en toi et c\u2019est \u00e7a notre goal ultime !<br \/>\nOn veut que chaque femme s\u2019assume ! Peu importe ta taille, ta morphologie, tu es canon !<\/p>\n<p class=\"translation-block\">Around a real solid, committed and friendly community, the <strong>#BABEEGANG<\/strong>, we want to awaken the <strong>fun<\/strong> and <strong>rebellious<\/strong> side of every woman.<\/p>\n<p class=\"translation-block\">In the midst of this often stressful daily life, we are here to bring <strong>color, fun and sparkle <\/strong> into your life! And what could be better than through our colorful looks from the collection?<\/p>\n<p>Proposer des couleurs peu importe la saison est un MUST car elles repr\u00e9sentent le c\u00f4t\u00e9 fun et assum\u00e9 de BABEE. Pourquoi attendre l\u2019\u00e9t\u00e9 pour porter des couleurs plus vives ? N\u2019aie jamais peur du regard des autres et OSE !<\/p>\n\n\t\t<\/div>\n\t<\/div>\n<\/div><\/div><\/div><div class=\"small-order-1 medium-order-2 wpb_column vc_column_container vc_col-sm-12 vc_col-md-7 et-dark-column\"><div class=\"vc_column-inner\"><div class=\"wpb_wrapper\">\n\t<div  class=\"wpb_single_image wpb_content_element vc_align_center  vc_custom_1645023007347\">\n\t\t\n\t\t<figure class=\"wpb_wrapper vc_figure\">\n\t\t\t<div class=\"vc_single_image-wrapper   vc_box_border_grey\"><img loading=\"lazy\" decoding=\"async\" width=\"736\" height=\"1024\" src=\"https:\/\/babeefit.com\/wp-content\/uploads\/2022\/02\/babeegang-a-propos-babee.jpg\" class=\"vc_single_image-img attachment-large\" alt=\"\" title=\"babeegang-a-propos-babee\" srcset=\"https:\/\/babeefit.com\/wp-content\/uploads\/2022\/02\/babeegang-a-propos-babee.jpg 736w, https:\/\/babeefit.com\/wp-content\/uploads\/2022\/02\/babeegang-a-propos-babee-216x300.jpg 216w, https:\/\/babeefit.com\/wp-content\/uploads\/2022\/02\/babeegang-a-propos-babee-108x150.jpg 108w\" sizes=\"auto, (max-width: 736px) 100vw, 736px\" \/><\/div>\n\t\t<\/figure>\n\t<\/div>\n<\/div><\/div><\/div><\/div><\/div><\/div><\/div><\/div><\/div>","protected":false},"excerpt":{"rendered":"T\u2019en as marre de tes vieilles brassi\u00e8res basiques qui trainent dans ton placard et de tes tenues de sport qui ne vont jamais ensemble ? Quoi de plus motivant qu\u2019avoir un look on fleek pour faire ton sport ? LA MARQUE NOTRE HISTOIRE Passionn\u00e9e de fitness et de mode, N\u00e9omie&hellip;","protected":false},"author":1,"featured_media":0,"parent":0,"menu_order":0,"comment_status":"closed","ping_status":"closed","template":"","meta":{"footnotes":""},"class_list":["post-129","page","type-page","status-publish","hentry"],"yoast_head":"<!-- This site is optimized with the Yoast SEO plugin v27.3 - https:\/\/yoast.com\/product\/yoast-seo-wordpress\/ -->\n<title>\u00c0 propos - BABEE BABEE<\/title>\n<meta name=\"robots\" content=\"index, follow, max-snippet:-1, max-image-preview:large, max-video-preview:-1\" \/>\n<link rel=\"canonical\" href=\"https:\/\/babeefit.com\/en\/a-propos\/\" \/>\n<meta property=\"og:locale\" content=\"en_US\" \/>\n<meta property=\"og:type\" content=\"article\" \/>\n<meta property=\"og:title\" content=\"\u00c0 propos - BABEE BABEE\" \/>\n<meta property=\"og:url\" content=\"https:\/\/babeefit.com\/en\/a-propos\/\" \/>\n<meta property=\"og:site_name\" content=\"BABEE\" \/>\n<meta property=\"article:modified_time\" content=\"2023-01-09T16:17:36+00:00\" \/>\n<meta name=\"twitter:card\" content=\"summary_large_image\" \/>\n<meta name=\"twitter:label1\" content=\"Est. reading time\" \/>\n\t<meta name=\"twitter:data1\" content=\"5 minutes\" \/>\n<script type=\"application\/ld+json\" class=\"yoast-schema-graph\">{\"@context\":\"https:\\\/\\\/schema.org\",\"@graph\":[{\"@type\":\"WebPage\",\"@id\":\"https:\\\/\\\/babeefit.com\\\/a-propos\\\/\",\"url\":\"https:\\\/\\\/babeefit.com\\\/a-propos\\\/\",\"name\":\"\u00c0 propos - BABEE BABEE\",\"isPartOf\":{\"@id\":\"https:\\\/\\\/babeefit.com\\\/#website\"},\"datePublished\":\"2019-03-20T04:12:33+00:00\",\"dateModified\":\"2023-01-09T16:17:36+00:00\",\"breadcrumb\":{\"@id\":\"https:\\\/\\\/babeefit.com\\\/a-propos\\\/#breadcrumb\"},\"inLanguage\":\"en-US\",\"potentialAction\":[{\"@type\":\"ReadAction\",\"target\":[\"https:\\\/\\\/babeefit.com\\\/a-propos\\\/\"]}]},{\"@type\":\"BreadcrumbList\",\"@id\":\"https:\\\/\\\/babeefit.com\\\/a-propos\\\/#breadcrumb\",\"itemListElement\":[{\"@type\":\"ListItem\",\"position\":1,\"name\":\"Accueil\",\"item\":\"https:\\\/\\\/babeefit.com\\\/\"},{\"@type\":\"ListItem\",\"position\":2,\"name\":\"\u00c0 propos\"}]},{\"@type\":\"WebSite\",\"@id\":\"https:\\\/\\\/babeefit.com\\\/#website\",\"url\":\"https:\\\/\\\/babeefit.com\\\/\",\"name\":\"BABEE\",\"description\":\"Le fitness premium \u00e9thique &amp; made in Europe | BABEE\",\"publisher\":{\"@id\":\"https:\\\/\\\/babeefit.com\\\/#organization\"},\"potentialAction\":[{\"@type\":\"SearchAction\",\"target\":{\"@type\":\"EntryPoint\",\"urlTemplate\":\"https:\\\/\\\/babeefit.com\\\/?s={search_term_string}\"},\"query-input\":{\"@type\":\"PropertyValueSpecification\",\"valueRequired\":true,\"valueName\":\"search_term_string\"}}],\"inLanguage\":\"en-US\"},{\"@type\":\"Organization\",\"@id\":\"https:\\\/\\\/babeefit.com\\\/#organization\",\"name\":\"BABEE\",\"url\":\"https:\\\/\\\/babeefit.com\\\/\",\"logo\":{\"@type\":\"ImageObject\",\"inLanguage\":\"en-US\",\"@id\":\"https:\\\/\\\/babeefit.com\\\/#\\\/schema\\\/logo\\\/image\\\/\",\"url\":\"https:\\\/\\\/babeefit.com\\\/wp-content\\\/uploads\\\/2022\\\/02\\\/TYPO-noir-Babee.png\",\"contentUrl\":\"https:\\\/\\\/babeefit.com\\\/wp-content\\\/uploads\\\/2022\\\/02\\\/TYPO-noir-Babee.png\",\"width\":1784,\"height\":366,\"caption\":\"BABEE\"},\"image\":{\"@id\":\"https:\\\/\\\/babeefit.com\\\/#\\\/schema\\\/logo\\\/image\\\/\"}}]}<\/script>\n<!-- \/ Yoast SEO plugin. -->","yoast_head_json":{"title":"\u00c0 propos - BABEE BABEE","robots":{"index":"index","follow":"follow","max-snippet":"max-snippet:-1","max-image-preview":"max-image-preview:large","max-video-preview":"max-video-preview:-1"},"canonical":"https:\/\/babeefit.com\/en\/a-propos\/","og_locale":"en_US","og_type":"article","og_title":"\u00c0 propos - BABEE BABEE","og_url":"https:\/\/babeefit.com\/en\/a-propos\/","og_site_name":"BABEE","article_modified_time":"2023-01-09T16:17:36+00:00","twitter_card":"summary_large_image","twitter_misc":{"Est. reading time":"5 minutes"},"schema":{"@context":"https:\/\/schema.org","@graph":[{"@type":"WebPage","@id":"https:\/\/babeefit.com\/a-propos\/","url":"https:\/\/babeefit.com\/a-propos\/","name":"\u00c0 propos - BABEE BABEE","isPartOf":{"@id":"https:\/\/babeefit.com\/#website"},"datePublished":"2019-03-20T04:12:33+00:00","dateModified":"2023-01-09T16:17:36+00:00","breadcrumb":{"@id":"https:\/\/babeefit.com\/a-propos\/#breadcrumb"},"inLanguage":"en-US","potentialAction":[{"@type":"ReadAction","target":["https:\/\/babeefit.com\/a-propos\/"]}]},{"@type":"BreadcrumbList","@id":"https:\/\/babeefit.com\/a-propos\/#breadcrumb","itemListElement":[{"@type":"ListItem","position":1,"name":"Accueil","item":"https:\/\/babeefit.com\/"},{"@type":"ListItem","position":2,"name":"\u00c0 propos"}]},{"@type":"WebSite","@id":"https:\/\/babeefit.com\/#website","url":"https:\/\/babeefit.com\/","name":"BABEE","description":"Le fitness premium \u00e9thique &amp; made in Europe | BABEE","publisher":{"@id":"https:\/\/babeefit.com\/#organization"},"potentialAction":[{"@type":"SearchAction","target":{"@type":"EntryPoint","urlTemplate":"https:\/\/babeefit.com\/?s={search_term_string}"},"query-input":{"@type":"PropertyValueSpecification","valueRequired":true,"valueName":"search_term_string"}}],"inLanguage":"en-US"},{"@type":"Organization","@id":"https:\/\/babeefit.com\/#organization","name":"BABEE","url":"https:\/\/babeefit.com\/","logo":{"@type":"ImageObject","inLanguage":"en-US","@id":"https:\/\/babeefit.com\/#\/schema\/logo\/image\/","url":"https:\/\/babeefit.com\/wp-content\/uploads\/2022\/02\/TYPO-noir-Babee.png","contentUrl":"https:\/\/babeefit.com\/wp-content\/uploads\/2022\/02\/TYPO-noir-Babee.png","width":1784,"height":366,"caption":"BABEE"},"image":{"@id":"https:\/\/babeefit.com\/#\/schema\/logo\/image\/"}}]}},"_links":{"self":[{"href":"https:\/\/babeefit.com\/en\/wp-json\/wp\/v2\/pages\/129","targetHints":{"allow":["GET"]}}],"collection":[{"href":"https:\/\/babeefit.com\/en\/wp-json\/wp\/v2\/pages"}],"about":[{"href":"https:\/\/babeefit.com\/en\/wp-json\/wp\/v2\/types\/page"}],"author":[{"embeddable":true,"href":"https:\/\/babeefit.com\/en\/wp-json\/wp\/v2\/users\/1"}],"replies":[{"embeddable":true,"href":"https:\/\/babeefit.com\/en\/wp-json\/wp\/v2\/comments?post=129"}],"version-history":[{"count":259,"href":"https:\/\/babeefit.com\/en\/wp-json\/wp\/v2\/pages\/129\/revisions"}],"predecessor-version":[{"id":105536,"href":"https:\/\/babeefit.com\/en\/wp-json\/wp\/v2\/pages\/129\/revisions\/105536"}],"wp:attachment":[{"href":"https:\/\/babeefit.com\/en\/wp-json\/wp\/v2\/media?parent=129"}],"curies":[{"name":"wp","href":"https:\/\/api.w.org\/{rel}","templated":true}]}}