{"id":103358,"date":"2022-02-08T13:28:11","date_gmt":"2022-02-08T12:28:11","guid":{"rendered":"https:\/\/babeefit.com\/?post_type=product&#038;p=103358"},"modified":"2025-02-18T16:38:50","modified_gmt":"2025-02-18T15:38:50","slug":"toxic-bra","status":"publish","type":"product","link":"https:\/\/babeefit.com\/en\/product\/toxic-bra\/","title":{"rendered":"Brassi\u00e8re TOXIC &#8211; 2 Looks (crois\u00e9 devant\/derri\u00e8re)"},"content":{"rendered":"<p>Awaken your rebellious side with the super hot TOXIC bra !<\/p>\n<p>Ses bretelles crois\u00e9es devant et son d\u00e9collet\u00e9 en forme de pointe sauront mettre en valeur toutes les poitrines, pour \u00eatre sexy et tendance m\u00eame pendant ton sport !\u00a0Les mousses amovibles t\u2019assurent un effet push-up et ses bretelles fines peuvent \u00eatre ajust\u00e9es \u00e0 ta taille gr\u00e2ce aux r\u00e9glettes dor\u00e9es de la brassi\u00e8re.<\/p>\n<p>You can combine it with an everyday outfit for even more style !<\/p>\n<p>Lightweight, ultra-breathable and slightly shiny, our premium fabric gives you the perfect support so you can do all your moves without feeling compressed in your bra.<\/p>","protected":false},"excerpt":{"rendered":"<p>Awaken your TOXIC side with this push-up cross-over front bra for an ultra-hot neckline !<\/p>","protected":false},"featured_media":103525,"comment_status":"open","ping_status":"closed","template":"","meta":[],"product_brand":[],"product_cat":[125,166],"product_tag":[],"class_list":{"0":"post-103358","1":"product","2":"type-product","3":"status-publish","4":"has-post-thumbnail","6":"product_cat-brassieres","7":"product_cat-hauts","9":"first","10":"instock","11":"taxable","12":"shipping-taxable","13":"purchasable","14":"product-type-variable","15":"has-default-attributes"},"bundled_by":["104554"],"bundle_stock_status":"instock","bundle_stock_quantity":null,"bundle_virtual":false,"bundle_layout":"","bundle_add_to_cart_form_location":"","bundle_editable_in_cart":false,"bundle_sold_individually_context":"","bundle_item_grouping":"","bundle_min_size":"","bundle_max_size":"","bundled_items":[],"bundle_sell_ids":[],"yoast_head":"<!-- This site is optimized with the Yoast SEO plugin v27.5 - https:\/\/yoast.com\/product\/yoast-seo-wordpress\/ -->\n<title>Brassi\u00e8re TOXIC - 2 Looks (crois\u00e9 devant\/derri\u00e8re) - BABEE BABEE<\/title>\n<meta name=\"robots\" content=\"index, follow, max-snippet:-1, max-image-preview:large, max-video-preview:-1\" \/>\n<link rel=\"canonical\" href=\"https:\/\/babeefit.com\/en\/product\/toxic-bra\/\" \/>\n<meta property=\"og:locale\" content=\"en_US\" \/>\n<meta property=\"og:type\" content=\"article\" \/>\n<meta property=\"og:title\" content=\"Brassi\u00e8re TOXIC - 2 Looks (crois\u00e9 devant\/derri\u00e8re) - BABEE BABEE\" \/>\n<meta property=\"og:description\" content=\"R\u00e9veille ton c\u00f4t\u00e9 TOXIC avec cette brassi\u00e8re crois\u00e9e devant effet push-up pour un d\u00e9collet\u00e9 ultra hot !\" \/>\n<meta property=\"og:url\" content=\"https:\/\/babeefit.com\/en\/product\/toxic-bra\/\" \/>\n<meta property=\"og:site_name\" content=\"BABEE\" \/>\n<meta property=\"article:modified_time\" content=\"2025-02-18T15:38:50+00:00\" \/>\n<meta property=\"og:image\" content=\"https:\/\/babeefit.com\/wp-content\/uploads\/2022\/02\/BABEE_1160-1-scaled.jpg\" \/>\n\t<meta property=\"og:image:width\" content=\"1707\" \/>\n\t<meta property=\"og:image:height\" content=\"2560\" \/>\n\t<meta property=\"og:image:type\" content=\"image\/jpeg\" \/>\n<meta name=\"twitter:card\" content=\"summary_large_image\" \/>\n<meta name=\"twitter:label1\" content=\"Est. reading time\" \/>\n\t<meta name=\"twitter:data1\" content=\"1 minute\" \/>\n<script type=\"application\/ld+json\" class=\"yoast-schema-graph\">{\"@context\":\"https:\\\/\\\/schema.org\",\"@graph\":[{\"@type\":\"WebPage\",\"@id\":\"https:\\\/\\\/babeefit.com\\\/product\\\/toxic-bra\\\/\",\"url\":\"https:\\\/\\\/babeefit.com\\\/product\\\/toxic-bra\\\/\",\"name\":\"Brassi\u00e8re TOXIC - 2 Looks (crois\u00e9 devant\\\/derri\u00e8re) - BABEE BABEE\",\"isPartOf\":{\"@id\":\"https:\\\/\\\/babeefit.com\\\/#website\"},\"primaryImageOfPage\":{\"@id\":\"https:\\\/\\\/babeefit.com\\\/product\\\/toxic-bra\\\/#primaryimage\"},\"image\":{\"@id\":\"https:\\\/\\\/babeefit.com\\\/product\\\/toxic-bra\\\/#primaryimage\"},\"thumbnailUrl\":\"https:\\\/\\\/babeefit.com\\\/wp-content\\\/uploads\\\/2022\\\/02\\\/BABEE_1160-1-scaled.jpg\",\"datePublished\":\"2022-02-08T12:28:11+00:00\",\"dateModified\":\"2025-02-18T15:38:50+00:00\",\"breadcrumb\":{\"@id\":\"https:\\\/\\\/babeefit.com\\\/product\\\/toxic-bra\\\/#breadcrumb\"},\"inLanguage\":\"en-US\",\"potentialAction\":[{\"@type\":\"ReadAction\",\"target\":[\"https:\\\/\\\/babeefit.com\\\/product\\\/toxic-bra\\\/\"]}]},{\"@type\":\"ImageObject\",\"inLanguage\":\"en-US\",\"@id\":\"https:\\\/\\\/babeefit.com\\\/product\\\/toxic-bra\\\/#primaryimage\",\"url\":\"https:\\\/\\\/babeefit.com\\\/wp-content\\\/uploads\\\/2022\\\/02\\\/BABEE_1160-1-scaled.jpg\",\"contentUrl\":\"https:\\\/\\\/babeefit.com\\\/wp-content\\\/uploads\\\/2022\\\/02\\\/BABEE_1160-1-scaled.jpg\",\"width\":1707,\"height\":2560},{\"@type\":\"BreadcrumbList\",\"@id\":\"https:\\\/\\\/babeefit.com\\\/product\\\/toxic-bra\\\/#breadcrumb\",\"itemListElement\":[{\"@type\":\"ListItem\",\"position\":1,\"name\":\"Accueil\",\"item\":\"https:\\\/\\\/babeefit.com\\\/\"},{\"@type\":\"ListItem\",\"position\":2,\"name\":\"SHOP\",\"item\":\"https:\\\/\\\/babeefit.com\\\/shop\\\/\"},{\"@type\":\"ListItem\",\"position\":3,\"name\":\"Brassi\u00e8re TOXIC &#8211; 2 Looks (crois\u00e9 devant\\\/derri\u00e8re)\"}]},{\"@type\":\"WebSite\",\"@id\":\"https:\\\/\\\/babeefit.com\\\/#website\",\"url\":\"https:\\\/\\\/babeefit.com\\\/\",\"name\":\"BABEE\",\"description\":\"Le fitness premium \u00e9thique &amp; made in Europe | BABEE\",\"publisher\":{\"@id\":\"https:\\\/\\\/babeefit.com\\\/#organization\"},\"potentialAction\":[{\"@type\":\"SearchAction\",\"target\":{\"@type\":\"EntryPoint\",\"urlTemplate\":\"https:\\\/\\\/babeefit.com\\\/?s={search_term_string}\"},\"query-input\":{\"@type\":\"PropertyValueSpecification\",\"valueRequired\":true,\"valueName\":\"search_term_string\"}}],\"inLanguage\":\"en-US\"},{\"@type\":\"Organization\",\"@id\":\"https:\\\/\\\/babeefit.com\\\/#organization\",\"name\":\"BABEE\",\"url\":\"https:\\\/\\\/babeefit.com\\\/\",\"logo\":{\"@type\":\"ImageObject\",\"inLanguage\":\"en-US\",\"@id\":\"https:\\\/\\\/babeefit.com\\\/#\\\/schema\\\/logo\\\/image\\\/\",\"url\":\"https:\\\/\\\/babeefit.com\\\/wp-content\\\/uploads\\\/2022\\\/02\\\/TYPO-noir-Babee.png\",\"contentUrl\":\"https:\\\/\\\/babeefit.com\\\/wp-content\\\/uploads\\\/2022\\\/02\\\/TYPO-noir-Babee.png\",\"width\":1784,\"height\":366,\"caption\":\"BABEE\"},\"image\":{\"@id\":\"https:\\\/\\\/babeefit.com\\\/#\\\/schema\\\/logo\\\/image\\\/\"}}]}<\/script>\n<!-- \/ Yoast SEO plugin. -->","yoast_head_json":{"title":"Brassi\u00e8re TOXIC - 2 Looks (crois\u00e9 devant\/derri\u00e8re) - BABEE BABEE","robots":{"index":"index","follow":"follow","max-snippet":"max-snippet:-1","max-image-preview":"max-image-preview:large","max-video-preview":"max-video-preview:-1"},"canonical":"https:\/\/babeefit.com\/en\/product\/toxic-bra\/","og_locale":"en_US","og_type":"article","og_title":"Brassi\u00e8re TOXIC - 2 Looks (crois\u00e9 devant\/derri\u00e8re) - BABEE BABEE","og_description":"R\u00e9veille ton c\u00f4t\u00e9 TOXIC avec cette brassi\u00e8re crois\u00e9e devant effet push-up pour un d\u00e9collet\u00e9 ultra hot !","og_url":"https:\/\/babeefit.com\/en\/product\/toxic-bra\/","og_site_name":"BABEE","article_modified_time":"2025-02-18T15:38:50+00:00","og_image":[{"width":1707,"height":2560,"url":"https:\/\/babeefit.com\/wp-content\/uploads\/2022\/02\/BABEE_1160-1-scaled.jpg","type":"image\/jpeg"}],"twitter_card":"summary_large_image","twitter_misc":{"Est. reading time":"1 minute"},"schema":{"@context":"https:\/\/schema.org","@graph":[{"@type":"WebPage","@id":"https:\/\/babeefit.com\/product\/toxic-bra\/","url":"https:\/\/babeefit.com\/product\/toxic-bra\/","name":"Brassi\u00e8re TOXIC - 2 Looks (crois\u00e9 devant\/derri\u00e8re) - BABEE BABEE","isPartOf":{"@id":"https:\/\/babeefit.com\/#website"},"primaryImageOfPage":{"@id":"https:\/\/babeefit.com\/product\/toxic-bra\/#primaryimage"},"image":{"@id":"https:\/\/babeefit.com\/product\/toxic-bra\/#primaryimage"},"thumbnailUrl":"https:\/\/babeefit.com\/wp-content\/uploads\/2022\/02\/BABEE_1160-1-scaled.jpg","datePublished":"2022-02-08T12:28:11+00:00","dateModified":"2025-02-18T15:38:50+00:00","breadcrumb":{"@id":"https:\/\/babeefit.com\/product\/toxic-bra\/#breadcrumb"},"inLanguage":"en-US","potentialAction":[{"@type":"ReadAction","target":["https:\/\/babeefit.com\/product\/toxic-bra\/"]}]},{"@type":"ImageObject","inLanguage":"en-US","@id":"https:\/\/babeefit.com\/product\/toxic-bra\/#primaryimage","url":"https:\/\/babeefit.com\/wp-content\/uploads\/2022\/02\/BABEE_1160-1-scaled.jpg","contentUrl":"https:\/\/babeefit.com\/wp-content\/uploads\/2022\/02\/BABEE_1160-1-scaled.jpg","width":1707,"height":2560},{"@type":"BreadcrumbList","@id":"https:\/\/babeefit.com\/product\/toxic-bra\/#breadcrumb","itemListElement":[{"@type":"ListItem","position":1,"name":"Accueil","item":"https:\/\/babeefit.com\/"},{"@type":"ListItem","position":2,"name":"SHOP","item":"https:\/\/babeefit.com\/shop\/"},{"@type":"ListItem","position":3,"name":"Brassi\u00e8re TOXIC &#8211; 2 Looks (crois\u00e9 devant\/derri\u00e8re)"}]},{"@type":"WebSite","@id":"https:\/\/babeefit.com\/#website","url":"https:\/\/babeefit.com\/","name":"BABEE","description":"Le fitness premium \u00e9thique &amp; made in Europe | BABEE","publisher":{"@id":"https:\/\/babeefit.com\/#organization"},"potentialAction":[{"@type":"SearchAction","target":{"@type":"EntryPoint","urlTemplate":"https:\/\/babeefit.com\/?s={search_term_string}"},"query-input":{"@type":"PropertyValueSpecification","valueRequired":true,"valueName":"search_term_string"}}],"inLanguage":"en-US"},{"@type":"Organization","@id":"https:\/\/babeefit.com\/#organization","name":"BABEE","url":"https:\/\/babeefit.com\/","logo":{"@type":"ImageObject","inLanguage":"en-US","@id":"https:\/\/babeefit.com\/#\/schema\/logo\/image\/","url":"https:\/\/babeefit.com\/wp-content\/uploads\/2022\/02\/TYPO-noir-Babee.png","contentUrl":"https:\/\/babeefit.com\/wp-content\/uploads\/2022\/02\/TYPO-noir-Babee.png","width":1784,"height":366,"caption":"BABEE"},"image":{"@id":"https:\/\/babeefit.com\/#\/schema\/logo\/image\/"}}]}},"_links":{"self":[{"href":"https:\/\/babeefit.com\/en\/wp-json\/wp\/v2\/product\/103358","targetHints":{"allow":["GET"]}}],"collection":[{"href":"https:\/\/babeefit.com\/en\/wp-json\/wp\/v2\/product"}],"about":[{"href":"https:\/\/babeefit.com\/en\/wp-json\/wp\/v2\/types\/product"}],"replies":[{"embeddable":true,"href":"https:\/\/babeefit.com\/en\/wp-json\/wp\/v2\/comments?post=103358"}],"wp:featuredmedia":[{"embeddable":true,"href":"https:\/\/babeefit.com\/en\/wp-json\/wp\/v2\/media\/103525"}],"wp:attachment":[{"href":"https:\/\/babeefit.com\/en\/wp-json\/wp\/v2\/media?parent=103358"}],"wp:term":[{"taxonomy":"product_brand","embeddable":true,"href":"https:\/\/babeefit.com\/en\/wp-json\/wp\/v2\/product_brand?post=103358"},{"taxonomy":"product_cat","embeddable":true,"href":"https:\/\/babeefit.com\/en\/wp-json\/wp\/v2\/product_cat?post=103358"},{"taxonomy":"product_tag","embeddable":true,"href":"https:\/\/babeefit.com\/en\/wp-json\/wp\/v2\/product_tag?post=103358"}],"curies":[{"name":"wp","href":"https:\/\/api.w.org\/{rel}","templated":true}]}}