{"id":104941,"date":"2022-08-31T03:31:38","date_gmt":"2022-08-31T01:31:38","guid":{"rendered":"https:\/\/babeefit.com\/?post_type=product&#038;p=104941"},"modified":"2025-02-18T16:42:48","modified_gmt":"2025-02-18T15:42:48","slug":"mamacita","status":"publish","type":"product","link":"https:\/\/babeefit.com\/en\/product\/mamacita\/","title":{"rendered":"Combinaison Short MAMACITA &#8211; 2 Looks (crois\u00e9 devant\/derri\u00e8re)"},"content":{"rendered":"<p>Bring out your hottest sports look with the MAMACITA jumpsuit!<\/p>\n<p>Inspired by the TOXIC bra, this ultra-shaping jumpsuit has an integrated bra, for a pretty crossover neckline that will highlight all breasts (with maximum support!). The removable pads give you a push-up effect and its thin straps can be adjusted to your size thanks to the golden sliders.<\/p>\n<p>Its ultra sheathing cut will enhance your features, like a goddess!<\/p>\n<p>For even more style, you can combine your bra with an everyday outfit.<\/p>\n<p>Our premium Italian fabric with an iridescent finish, lightweight and breathable, feels like a second skin (and it's super comfy too!). Ultra flexible and shapely, you can do all your movements, regardless of your activity, with assured support (and a head-turning booty)!<\/p>","protected":false},"excerpt":{"rendered":"<p>MAMACITA!! Fall for this ultra sheathing (and sexy) jumpsuit with its built-in bra !<\/p>","protected":false},"featured_media":104957,"comment_status":"open","ping_status":"closed","template":"","meta":[],"product_brand":[],"product_cat":[168,166,167,160,169],"product_tag":[],"class_list":{"0":"post-104941","1":"product","2":"type-product","3":"status-publish","4":"has-post-thumbnail","6":"product_cat-combinaisons","7":"product_cat-hauts","8":"product_cat-nouveautes","9":"product_cat-tenues","10":"product_cat-tenues-courtes","12":"first","13":"instock","14":"taxable","15":"shipping-taxable","16":"purchasable","17":"product-type-variable","18":"has-default-attributes"},"bundled_by":[],"bundle_stock_status":"instock","bundle_stock_quantity":null,"bundle_virtual":false,"bundle_layout":"","bundle_add_to_cart_form_location":"","bundle_editable_in_cart":false,"bundle_sold_individually_context":"","bundle_item_grouping":"","bundle_min_size":"","bundle_max_size":"","bundled_items":[],"bundle_sell_ids":[],"yoast_head":"<!-- This site is optimized with the Yoast SEO plugin v27.4 - https:\/\/yoast.com\/product\/yoast-seo-wordpress\/ -->\n<title>Combinaison Short MAMACITA - 2 Looks (crois\u00e9 devant\/derri\u00e8re) - BABEE<\/title>\n<meta name=\"robots\" content=\"index, follow, max-snippet:-1, max-image-preview:large, max-video-preview:-1\" \/>\n<link rel=\"canonical\" href=\"https:\/\/babeefit.com\/en\/product\/mamacita\/\" \/>\n<meta property=\"og:locale\" content=\"en_US\" \/>\n<meta property=\"og:type\" content=\"article\" \/>\n<meta property=\"og:title\" content=\"Combinaison Short MAMACITA - 2 Looks (crois\u00e9 devant\/derri\u00e8re) - BABEE\" \/>\n<meta property=\"og:description\" content=\"MAMACITA !! Craque pour cette combi short ultra gainante (et sexy) avec sa brassi\u00e8re int\u00e9gr\u00e9e !\" \/>\n<meta property=\"og:url\" content=\"https:\/\/babeefit.com\/en\/product\/mamacita\/\" \/>\n<meta property=\"og:site_name\" content=\"BABEE\" \/>\n<meta property=\"article:modified_time\" content=\"2025-02-18T15:42:48+00:00\" \/>\n<meta property=\"og:image\" content=\"https:\/\/babeefit.com\/wp-content\/uploads\/2022\/08\/MAMACITA-ROSE-PHOTO-1-PRINCIPALE-scaled.jpg\" \/>\n\t<meta property=\"og:image:width\" content=\"1708\" \/>\n\t<meta property=\"og:image:height\" content=\"2560\" \/>\n\t<meta property=\"og:image:type\" content=\"image\/jpeg\" \/>\n<meta name=\"twitter:card\" content=\"summary_large_image\" \/>\n<meta name=\"twitter:label1\" content=\"Est. reading time\" \/>\n\t<meta name=\"twitter:data1\" content=\"1 minute\" \/>\n<script type=\"application\/ld+json\" class=\"yoast-schema-graph\">{\"@context\":\"https:\\\/\\\/schema.org\",\"@graph\":[{\"@type\":\"WebPage\",\"@id\":\"https:\\\/\\\/babeefit.com\\\/product\\\/mamacita\\\/\",\"url\":\"https:\\\/\\\/babeefit.com\\\/product\\\/mamacita\\\/\",\"name\":\"Combinaison Short MAMACITA - 2 Looks (crois\u00e9 devant\\\/derri\u00e8re) - BABEE\",\"isPartOf\":{\"@id\":\"https:\\\/\\\/babeefit.com\\\/#website\"},\"primaryImageOfPage\":{\"@id\":\"https:\\\/\\\/babeefit.com\\\/product\\\/mamacita\\\/#primaryimage\"},\"image\":{\"@id\":\"https:\\\/\\\/babeefit.com\\\/product\\\/mamacita\\\/#primaryimage\"},\"thumbnailUrl\":\"https:\\\/\\\/babeefit.com\\\/wp-content\\\/uploads\\\/2022\\\/08\\\/MAMACITA-ROSE-PHOTO-1-PRINCIPALE-scaled.jpg\",\"datePublished\":\"2022-08-31T01:31:38+00:00\",\"dateModified\":\"2025-02-18T15:42:48+00:00\",\"breadcrumb\":{\"@id\":\"https:\\\/\\\/babeefit.com\\\/product\\\/mamacita\\\/#breadcrumb\"},\"inLanguage\":\"en-US\",\"potentialAction\":[{\"@type\":\"ReadAction\",\"target\":[\"https:\\\/\\\/babeefit.com\\\/product\\\/mamacita\\\/\"]}]},{\"@type\":\"ImageObject\",\"inLanguage\":\"en-US\",\"@id\":\"https:\\\/\\\/babeefit.com\\\/product\\\/mamacita\\\/#primaryimage\",\"url\":\"https:\\\/\\\/babeefit.com\\\/wp-content\\\/uploads\\\/2022\\\/08\\\/MAMACITA-ROSE-PHOTO-1-PRINCIPALE-scaled.jpg\",\"contentUrl\":\"https:\\\/\\\/babeefit.com\\\/wp-content\\\/uploads\\\/2022\\\/08\\\/MAMACITA-ROSE-PHOTO-1-PRINCIPALE-scaled.jpg\",\"width\":1708,\"height\":2560},{\"@type\":\"BreadcrumbList\",\"@id\":\"https:\\\/\\\/babeefit.com\\\/product\\\/mamacita\\\/#breadcrumb\",\"itemListElement\":[{\"@type\":\"ListItem\",\"position\":1,\"name\":\"Accueil\",\"item\":\"https:\\\/\\\/babeefit.com\\\/\"},{\"@type\":\"ListItem\",\"position\":2,\"name\":\"SHOP\",\"item\":\"https:\\\/\\\/babeefit.com\\\/shop\\\/\"},{\"@type\":\"ListItem\",\"position\":3,\"name\":\"Combinaison Short MAMACITA &#8211; 2 Looks (crois\u00e9 devant\\\/derri\u00e8re)\"}]},{\"@type\":\"WebSite\",\"@id\":\"https:\\\/\\\/babeefit.com\\\/#website\",\"url\":\"https:\\\/\\\/babeefit.com\\\/\",\"name\":\"BABEE\",\"description\":\"Le fitness premium \u00e9thique &amp; made in Europe | BABEE\",\"publisher\":{\"@id\":\"https:\\\/\\\/babeefit.com\\\/#organization\"},\"potentialAction\":[{\"@type\":\"SearchAction\",\"target\":{\"@type\":\"EntryPoint\",\"urlTemplate\":\"https:\\\/\\\/babeefit.com\\\/?s={search_term_string}\"},\"query-input\":{\"@type\":\"PropertyValueSpecification\",\"valueRequired\":true,\"valueName\":\"search_term_string\"}}],\"inLanguage\":\"en-US\"},{\"@type\":\"Organization\",\"@id\":\"https:\\\/\\\/babeefit.com\\\/#organization\",\"name\":\"BABEE\",\"url\":\"https:\\\/\\\/babeefit.com\\\/\",\"logo\":{\"@type\":\"ImageObject\",\"inLanguage\":\"en-US\",\"@id\":\"https:\\\/\\\/babeefit.com\\\/#\\\/schema\\\/logo\\\/image\\\/\",\"url\":\"https:\\\/\\\/babeefit.com\\\/wp-content\\\/uploads\\\/2022\\\/02\\\/TYPO-noir-Babee.png\",\"contentUrl\":\"https:\\\/\\\/babeefit.com\\\/wp-content\\\/uploads\\\/2022\\\/02\\\/TYPO-noir-Babee.png\",\"width\":1784,\"height\":366,\"caption\":\"BABEE\"},\"image\":{\"@id\":\"https:\\\/\\\/babeefit.com\\\/#\\\/schema\\\/logo\\\/image\\\/\"}}]}<\/script>\n<!-- \/ Yoast SEO plugin. -->","yoast_head_json":{"title":"Combinaison Short MAMACITA - 2 Looks (crois\u00e9 devant\/derri\u00e8re) - BABEE","robots":{"index":"index","follow":"follow","max-snippet":"max-snippet:-1","max-image-preview":"max-image-preview:large","max-video-preview":"max-video-preview:-1"},"canonical":"https:\/\/babeefit.com\/en\/product\/mamacita\/","og_locale":"en_US","og_type":"article","og_title":"Combinaison Short MAMACITA - 2 Looks (crois\u00e9 devant\/derri\u00e8re) - BABEE","og_description":"MAMACITA !! Craque pour cette combi short ultra gainante (et sexy) avec sa brassi\u00e8re int\u00e9gr\u00e9e !","og_url":"https:\/\/babeefit.com\/en\/product\/mamacita\/","og_site_name":"BABEE","article_modified_time":"2025-02-18T15:42:48+00:00","og_image":[{"width":1708,"height":2560,"url":"https:\/\/babeefit.com\/wp-content\/uploads\/2022\/08\/MAMACITA-ROSE-PHOTO-1-PRINCIPALE-scaled.jpg","type":"image\/jpeg"}],"twitter_card":"summary_large_image","twitter_misc":{"Est. reading time":"1 minute"},"schema":{"@context":"https:\/\/schema.org","@graph":[{"@type":"WebPage","@id":"https:\/\/babeefit.com\/product\/mamacita\/","url":"https:\/\/babeefit.com\/product\/mamacita\/","name":"Combinaison Short MAMACITA - 2 Looks (crois\u00e9 devant\/derri\u00e8re) - BABEE","isPartOf":{"@id":"https:\/\/babeefit.com\/#website"},"primaryImageOfPage":{"@id":"https:\/\/babeefit.com\/product\/mamacita\/#primaryimage"},"image":{"@id":"https:\/\/babeefit.com\/product\/mamacita\/#primaryimage"},"thumbnailUrl":"https:\/\/babeefit.com\/wp-content\/uploads\/2022\/08\/MAMACITA-ROSE-PHOTO-1-PRINCIPALE-scaled.jpg","datePublished":"2022-08-31T01:31:38+00:00","dateModified":"2025-02-18T15:42:48+00:00","breadcrumb":{"@id":"https:\/\/babeefit.com\/product\/mamacita\/#breadcrumb"},"inLanguage":"en-US","potentialAction":[{"@type":"ReadAction","target":["https:\/\/babeefit.com\/product\/mamacita\/"]}]},{"@type":"ImageObject","inLanguage":"en-US","@id":"https:\/\/babeefit.com\/product\/mamacita\/#primaryimage","url":"https:\/\/babeefit.com\/wp-content\/uploads\/2022\/08\/MAMACITA-ROSE-PHOTO-1-PRINCIPALE-scaled.jpg","contentUrl":"https:\/\/babeefit.com\/wp-content\/uploads\/2022\/08\/MAMACITA-ROSE-PHOTO-1-PRINCIPALE-scaled.jpg","width":1708,"height":2560},{"@type":"BreadcrumbList","@id":"https:\/\/babeefit.com\/product\/mamacita\/#breadcrumb","itemListElement":[{"@type":"ListItem","position":1,"name":"Accueil","item":"https:\/\/babeefit.com\/"},{"@type":"ListItem","position":2,"name":"SHOP","item":"https:\/\/babeefit.com\/shop\/"},{"@type":"ListItem","position":3,"name":"Combinaison Short MAMACITA &#8211; 2 Looks (crois\u00e9 devant\/derri\u00e8re)"}]},{"@type":"WebSite","@id":"https:\/\/babeefit.com\/#website","url":"https:\/\/babeefit.com\/","name":"BABEE","description":"Le fitness premium \u00e9thique &amp; made in Europe | BABEE","publisher":{"@id":"https:\/\/babeefit.com\/#organization"},"potentialAction":[{"@type":"SearchAction","target":{"@type":"EntryPoint","urlTemplate":"https:\/\/babeefit.com\/?s={search_term_string}"},"query-input":{"@type":"PropertyValueSpecification","valueRequired":true,"valueName":"search_term_string"}}],"inLanguage":"en-US"},{"@type":"Organization","@id":"https:\/\/babeefit.com\/#organization","name":"BABEE","url":"https:\/\/babeefit.com\/","logo":{"@type":"ImageObject","inLanguage":"en-US","@id":"https:\/\/babeefit.com\/#\/schema\/logo\/image\/","url":"https:\/\/babeefit.com\/wp-content\/uploads\/2022\/02\/TYPO-noir-Babee.png","contentUrl":"https:\/\/babeefit.com\/wp-content\/uploads\/2022\/02\/TYPO-noir-Babee.png","width":1784,"height":366,"caption":"BABEE"},"image":{"@id":"https:\/\/babeefit.com\/#\/schema\/logo\/image\/"}}]}},"_links":{"self":[{"href":"https:\/\/babeefit.com\/en\/wp-json\/wp\/v2\/product\/104941","targetHints":{"allow":["GET"]}}],"collection":[{"href":"https:\/\/babeefit.com\/en\/wp-json\/wp\/v2\/product"}],"about":[{"href":"https:\/\/babeefit.com\/en\/wp-json\/wp\/v2\/types\/product"}],"replies":[{"embeddable":true,"href":"https:\/\/babeefit.com\/en\/wp-json\/wp\/v2\/comments?post=104941"}],"wp:featuredmedia":[{"embeddable":true,"href":"https:\/\/babeefit.com\/en\/wp-json\/wp\/v2\/media\/104957"}],"wp:attachment":[{"href":"https:\/\/babeefit.com\/en\/wp-json\/wp\/v2\/media?parent=104941"}],"wp:term":[{"taxonomy":"product_brand","embeddable":true,"href":"https:\/\/babeefit.com\/en\/wp-json\/wp\/v2\/product_brand?post=104941"},{"taxonomy":"product_cat","embeddable":true,"href":"https:\/\/babeefit.com\/en\/wp-json\/wp\/v2\/product_cat?post=104941"},{"taxonomy":"product_tag","embeddable":true,"href":"https:\/\/babeefit.com\/en\/wp-json\/wp\/v2\/product_tag?post=104941"}],"curies":[{"name":"wp","href":"https:\/\/api.w.org\/{rel}","templated":true}]}}